{"id":194,"date":"2015-12-02T08:11:37","date_gmt":"2015-12-02T08:11:37","guid":{"rendered":"http:\/\/myvegiday.wpengine.com\/our-movement-2\/"},"modified":"2019-10-02T21:01:18","modified_gmt":"2019-10-02T21:01:18","slug":"un-avenir-durable","status":"publish","type":"page","link":"https:\/\/myvegiday.com\/fr-ca\/un-avenir-durable\/","title":{"rendered":"Un avenir durable"},"content":{"rendered":"<div style=\"text-align: center;\"><img loading=\"lazy\" decoding=\"async\" class=\"aligncenter wp-image-1924 size-full\" src=\"https:\/\/myvegiday.com\/fr-ca\/wp-content\/uploads\/sites\/3\/2019\/10\/our-movement-header-F.jpg\" alt=\"VegiDay solution is growing FR\" width=\"851\" height=\"374\" srcset=\"https:\/\/myvegiday.com\/fr-ca\/wp-content\/uploads\/sites\/3\/2019\/10\/our-movement-header-F.jpg 851w, https:\/\/myvegiday.com\/fr-ca\/wp-content\/uploads\/sites\/3\/2019\/10\/our-movement-header-F-400x176.jpg 400w, https:\/\/myvegiday.com\/fr-ca\/wp-content\/uploads\/sites\/3\/2019\/10\/our-movement-header-F-600x264.jpg 600w, https:\/\/myvegiday.com\/fr-ca\/wp-content\/uploads\/sites\/3\/2019\/10\/our-movement-header-F-275x121.jpg 275w, https:\/\/myvegiday.com\/fr-ca\/wp-content\/uploads\/sites\/3\/2019\/10\/our-movement-header-F-100x44.jpg 100w\" sizes=\"(max-width: 851px) 100vw, 851px\" \/><\/div>\n<h1 style=\"display: none;\">La solution VegiDay prend de l\u2019ampleu<\/h1>\n<p style=\"text-align: center;\">On dispose maintenant de multiples preuves de la valeur sup\u00e9rieure pour la sant\u00e9 d\u2019une alimentation riche en fruits et l\u00e9gumes. Les plantes contiennent aussi des prot\u00e9ines dont nous avons besoin pour survivre et prosp\u00e9rer. Une combinaison \u00e9quilibr\u00e9e de graines, de noix et de l\u00e9gumes renferme tous les acides amin\u00e9s essentiels et une panoplie d\u2019autres phytonutriments.<\/p>\n<p class=\"p1\" style=\"text-align: center;\">La gamme VegiDay comprend un \u00e9ventail de ces produits d\u2019origine v\u00e9g\u00e9tale.<\/p>\n","protected":false},"excerpt":{"rendered":"<p>La solution VegiDay prend de l\u2019ampleu On dispose maintenant de multiples preuves de la valeur sup\u00e9rieure pour la sant\u00e9 d\u2019une alimentation riche en fruits et l\u00e9gumes. Les plantes contiennent aussi des prot\u00e9ines dont nous avons besoin pour survivre et prosp\u00e9rer. Une combinaison \u00e9quilibr\u00e9e de graines, de noix et de l\u00e9gumes renferme tous les acides amin\u00e9s&#8230;<\/p>\n","protected":false},"author":1,"featured_media":0,"parent":0,"menu_order":3,"comment_status":"closed","ping_status":"closed","template":"","meta":{"_acf_changed":false,"_et_pb_use_builder":"","_et_pb_old_content":"","_et_gb_content_width":"","footnotes":""},"class_list":["post-194","page","type-page","status-publish","hentry"],"acf":[],"yoast_head":"<!-- This site is optimized with the Yoast SEO Premium plugin v27.2 (Yoast SEO v27.4) - https:\/\/yoast.com\/product\/yoast-seo-premium-wordpress\/ -->\n<title>Un avenir durable - VegiDay fr-CA<\/title>\n<meta name=\"robots\" content=\"index, follow, max-snippet:-1, max-image-preview:large, max-video-preview:-1\" \/>\n<link rel=\"canonical\" href=\"https:\/\/myvegiday.com\/fr-ca\/un-avenir-durable\/\" \/>\n<meta property=\"og:locale\" content=\"fr_CA\" \/>\n<meta property=\"og:type\" content=\"article\" \/>\n<meta property=\"og:title\" content=\"Un avenir durable\" \/>\n<meta property=\"og:description\" content=\"La solution VegiDay prend de l\u2019ampleu On dispose maintenant de multiples preuves de la valeur sup\u00e9rieure pour la sant\u00e9 d\u2019une alimentation riche en fruits et l\u00e9gumes. Les plantes contiennent aussi des prot\u00e9ines dont nous avons besoin pour survivre et prosp\u00e9rer. Une combinaison \u00e9quilibr\u00e9e de graines, de noix et de l\u00e9gumes renferme tous les acides amin\u00e9s...\" \/>\n<meta property=\"og:url\" content=\"https:\/\/myvegiday.com\/fr-ca\/un-avenir-durable\/\" \/>\n<meta property=\"og:site_name\" content=\"VegiDay fr-CA\" \/>\n<meta property=\"article:publisher\" content=\"https:\/\/www.facebook.com\/myvegiday\/\" \/>\n<meta property=\"article:modified_time\" content=\"2019-10-02T21:01:18+00:00\" \/>\n<meta property=\"og:image\" content=\"https:\/\/myvegiday.com\/fr-ca\/wp-content\/uploads\/sites\/3\/2019\/10\/our-movement-header-F.jpg\" \/>\n<meta name=\"twitter:card\" content=\"summary_large_image\" \/>\n<script type=\"application\/ld+json\" class=\"yoast-schema-graph\">{\"@context\":\"https:\\\/\\\/schema.org\",\"@graph\":[{\"@type\":\"WebPage\",\"@id\":\"https:\\\/\\\/myvegiday.com\\\/fr-ca\\\/un-avenir-durable\\\/\",\"url\":\"https:\\\/\\\/myvegiday.com\\\/fr-ca\\\/un-avenir-durable\\\/\",\"name\":\"Un avenir durable - VegiDay fr-CA\",\"isPartOf\":{\"@id\":\"https:\\\/\\\/myvegiday.com\\\/fr-ca\\\/#website\"},\"primaryImageOfPage\":{\"@id\":\"https:\\\/\\\/myvegiday.com\\\/fr-ca\\\/un-avenir-durable\\\/#primaryimage\"},\"image\":{\"@id\":\"https:\\\/\\\/myvegiday.com\\\/fr-ca\\\/un-avenir-durable\\\/#primaryimage\"},\"thumbnailUrl\":\"https:\\\/\\\/myvegiday.com\\\/fr-ca\\\/wp-content\\\/uploads\\\/sites\\\/3\\\/2019\\\/10\\\/our-movement-header-F.jpg\",\"datePublished\":\"2015-12-02T08:11:37+00:00\",\"dateModified\":\"2019-10-02T21:01:18+00:00\",\"breadcrumb\":{\"@id\":\"https:\\\/\\\/myvegiday.com\\\/fr-ca\\\/un-avenir-durable\\\/#breadcrumb\"},\"inLanguage\":\"fr-CA\",\"potentialAction\":[{\"@type\":\"ReadAction\",\"target\":[\"https:\\\/\\\/myvegiday.com\\\/fr-ca\\\/un-avenir-durable\\\/\"]}]},{\"@type\":\"ImageObject\",\"inLanguage\":\"fr-CA\",\"@id\":\"https:\\\/\\\/myvegiday.com\\\/fr-ca\\\/un-avenir-durable\\\/#primaryimage\",\"url\":\"https:\\\/\\\/myvegiday.com\\\/fr-ca\\\/wp-content\\\/uploads\\\/sites\\\/3\\\/2019\\\/10\\\/our-movement-header-F.jpg\",\"contentUrl\":\"https:\\\/\\\/myvegiday.com\\\/fr-ca\\\/wp-content\\\/uploads\\\/sites\\\/3\\\/2019\\\/10\\\/our-movement-header-F.jpg\",\"width\":851,\"height\":374,\"caption\":\"VegiDay solution is growing FR\"},{\"@type\":\"BreadcrumbList\",\"@id\":\"https:\\\/\\\/myvegiday.com\\\/fr-ca\\\/un-avenir-durable\\\/#breadcrumb\",\"itemListElement\":[{\"@type\":\"ListItem\",\"position\":1,\"name\":\"Home\",\"item\":\"https:\\\/\\\/myvegiday.com\\\/fr-ca\\\/\"},{\"@type\":\"ListItem\",\"position\":2,\"name\":\"Un avenir durable\"}]},{\"@type\":\"WebSite\",\"@id\":\"https:\\\/\\\/myvegiday.com\\\/fr-ca\\\/#website\",\"url\":\"https:\\\/\\\/myvegiday.com\\\/fr-ca\\\/\",\"name\":\"VegiDay fr-CA\",\"description\":\"De l&#039;\u00e9nergie \u00e0 partir de z\u00e9ro\",\"publisher\":{\"@id\":\"https:\\\/\\\/myvegiday.com\\\/fr-ca\\\/#organization\"},\"potentialAction\":[{\"@type\":\"SearchAction\",\"target\":{\"@type\":\"EntryPoint\",\"urlTemplate\":\"https:\\\/\\\/myvegiday.com\\\/fr-ca\\\/?s={search_term_string}\"},\"query-input\":{\"@type\":\"PropertyValueSpecification\",\"valueRequired\":true,\"valueName\":\"search_term_string\"}}],\"inLanguage\":\"fr-CA\"},{\"@type\":\"Organization\",\"@id\":\"https:\\\/\\\/myvegiday.com\\\/fr-ca\\\/#organization\",\"name\":\"VegiDay\",\"url\":\"https:\\\/\\\/myvegiday.com\\\/fr-ca\\\/\",\"logo\":{\"@type\":\"ImageObject\",\"inLanguage\":\"fr-CA\",\"@id\":\"https:\\\/\\\/myvegiday.com\\\/fr-ca\\\/#\\\/schema\\\/logo\\\/image\\\/\",\"url\":\"https:\\\/\\\/myvegiday.com\\\/fr-ca\\\/wp-content\\\/uploads\\\/sites\\\/3\\\/2020\\\/05\\\/Logo-VegiDay-1200x1200-1.png\",\"contentUrl\":\"https:\\\/\\\/myvegiday.com\\\/fr-ca\\\/wp-content\\\/uploads\\\/sites\\\/3\\\/2020\\\/05\\\/Logo-VegiDay-1200x1200-1.png\",\"width\":1200,\"height\":1200,\"caption\":\"VegiDay\"},\"image\":{\"@id\":\"https:\\\/\\\/myvegiday.com\\\/fr-ca\\\/#\\\/schema\\\/logo\\\/image\\\/\"},\"sameAs\":[\"https:\\\/\\\/www.facebook.com\\\/myvegiday\\\/\",\"https:\\\/\\\/www.instagram.com\\\/vegiday\\\/\"]}]}<\/script>\n<!-- \/ Yoast SEO Premium plugin. -->","yoast_head_json":{"title":"Un avenir durable - VegiDay fr-CA","robots":{"index":"index","follow":"follow","max-snippet":"max-snippet:-1","max-image-preview":"max-image-preview:large","max-video-preview":"max-video-preview:-1"},"canonical":"https:\/\/myvegiday.com\/fr-ca\/un-avenir-durable\/","og_locale":"fr_CA","og_type":"article","og_title":"Un avenir durable","og_description":"La solution VegiDay prend de l\u2019ampleu On dispose maintenant de multiples preuves de la valeur sup\u00e9rieure pour la sant\u00e9 d\u2019une alimentation riche en fruits et l\u00e9gumes. Les plantes contiennent aussi des prot\u00e9ines dont nous avons besoin pour survivre et prosp\u00e9rer. Une combinaison \u00e9quilibr\u00e9e de graines, de noix et de l\u00e9gumes renferme tous les acides amin\u00e9s...","og_url":"https:\/\/myvegiday.com\/fr-ca\/un-avenir-durable\/","og_site_name":"VegiDay fr-CA","article_publisher":"https:\/\/www.facebook.com\/myvegiday\/","article_modified_time":"2019-10-02T21:01:18+00:00","og_image":[{"url":"https:\/\/myvegiday.com\/fr-ca\/wp-content\/uploads\/sites\/3\/2019\/10\/our-movement-header-F.jpg","type":"","width":"","height":""}],"twitter_card":"summary_large_image","schema":{"@context":"https:\/\/schema.org","@graph":[{"@type":"WebPage","@id":"https:\/\/myvegiday.com\/fr-ca\/un-avenir-durable\/","url":"https:\/\/myvegiday.com\/fr-ca\/un-avenir-durable\/","name":"Un avenir durable - VegiDay fr-CA","isPartOf":{"@id":"https:\/\/myvegiday.com\/fr-ca\/#website"},"primaryImageOfPage":{"@id":"https:\/\/myvegiday.com\/fr-ca\/un-avenir-durable\/#primaryimage"},"image":{"@id":"https:\/\/myvegiday.com\/fr-ca\/un-avenir-durable\/#primaryimage"},"thumbnailUrl":"https:\/\/myvegiday.com\/fr-ca\/wp-content\/uploads\/sites\/3\/2019\/10\/our-movement-header-F.jpg","datePublished":"2015-12-02T08:11:37+00:00","dateModified":"2019-10-02T21:01:18+00:00","breadcrumb":{"@id":"https:\/\/myvegiday.com\/fr-ca\/un-avenir-durable\/#breadcrumb"},"inLanguage":"fr-CA","potentialAction":[{"@type":"ReadAction","target":["https:\/\/myvegiday.com\/fr-ca\/un-avenir-durable\/"]}]},{"@type":"ImageObject","inLanguage":"fr-CA","@id":"https:\/\/myvegiday.com\/fr-ca\/un-avenir-durable\/#primaryimage","url":"https:\/\/myvegiday.com\/fr-ca\/wp-content\/uploads\/sites\/3\/2019\/10\/our-movement-header-F.jpg","contentUrl":"https:\/\/myvegiday.com\/fr-ca\/wp-content\/uploads\/sites\/3\/2019\/10\/our-movement-header-F.jpg","width":851,"height":374,"caption":"VegiDay solution is growing FR"},{"@type":"BreadcrumbList","@id":"https:\/\/myvegiday.com\/fr-ca\/un-avenir-durable\/#breadcrumb","itemListElement":[{"@type":"ListItem","position":1,"name":"Home","item":"https:\/\/myvegiday.com\/fr-ca\/"},{"@type":"ListItem","position":2,"name":"Un avenir durable"}]},{"@type":"WebSite","@id":"https:\/\/myvegiday.com\/fr-ca\/#website","url":"https:\/\/myvegiday.com\/fr-ca\/","name":"VegiDay fr-CA","description":"De l&#039;\u00e9nergie \u00e0 partir de z\u00e9ro","publisher":{"@id":"https:\/\/myvegiday.com\/fr-ca\/#organization"},"potentialAction":[{"@type":"SearchAction","target":{"@type":"EntryPoint","urlTemplate":"https:\/\/myvegiday.com\/fr-ca\/?s={search_term_string}"},"query-input":{"@type":"PropertyValueSpecification","valueRequired":true,"valueName":"search_term_string"}}],"inLanguage":"fr-CA"},{"@type":"Organization","@id":"https:\/\/myvegiday.com\/fr-ca\/#organization","name":"VegiDay","url":"https:\/\/myvegiday.com\/fr-ca\/","logo":{"@type":"ImageObject","inLanguage":"fr-CA","@id":"https:\/\/myvegiday.com\/fr-ca\/#\/schema\/logo\/image\/","url":"https:\/\/myvegiday.com\/fr-ca\/wp-content\/uploads\/sites\/3\/2020\/05\/Logo-VegiDay-1200x1200-1.png","contentUrl":"https:\/\/myvegiday.com\/fr-ca\/wp-content\/uploads\/sites\/3\/2020\/05\/Logo-VegiDay-1200x1200-1.png","width":1200,"height":1200,"caption":"VegiDay"},"image":{"@id":"https:\/\/myvegiday.com\/fr-ca\/#\/schema\/logo\/image\/"},"sameAs":["https:\/\/www.facebook.com\/myvegiday\/","https:\/\/www.instagram.com\/vegiday\/"]}]}},"_links":{"self":[{"href":"https:\/\/myvegiday.com\/fr-ca\/wp-json\/wp\/v2\/pages\/194","targetHints":{"allow":["GET"]}}],"collection":[{"href":"https:\/\/myvegiday.com\/fr-ca\/wp-json\/wp\/v2\/pages"}],"about":[{"href":"https:\/\/myvegiday.com\/fr-ca\/wp-json\/wp\/v2\/types\/page"}],"author":[{"embeddable":true,"href":"https:\/\/myvegiday.com\/fr-ca\/wp-json\/wp\/v2\/users\/1"}],"replies":[{"embeddable":true,"href":"https:\/\/myvegiday.com\/fr-ca\/wp-json\/wp\/v2\/comments?post=194"}],"version-history":[{"count":0,"href":"https:\/\/myvegiday.com\/fr-ca\/wp-json\/wp\/v2\/pages\/194\/revisions"}],"wp:attachment":[{"href":"https:\/\/myvegiday.com\/fr-ca\/wp-json\/wp\/v2\/media?parent=194"}],"curies":[{"name":"wp","href":"https:\/\/api.w.org\/{rel}","templated":true}]}}