{"id":198,"date":"2015-12-02T08:11:37","date_gmt":"2015-12-02T08:11:37","guid":{"rendered":"http:\/\/myvegiday.wpengine.com\/products-2\/"},"modified":"2020-06-04T15:29:44","modified_gmt":"2020-06-04T15:29:44","slug":"produits","status":"publish","type":"page","link":"https:\/\/myvegiday.com\/fr-ca\/produits\/","title":{"rendered":"Produits"},"content":{"rendered":"<h2 style=\"text-align: left;\"><strong>Promouvoir une plan\u00e8te en sant\u00e9, une bouch\u00e9e \u00e0 la fois<\/strong><\/h2>\n<p style=\"text-align: left;\">VegiDay fait partie d\u2019un mouvement qui prend de plus en plus d\u2019ampleur et qui vise \u00e0 nous encourager \u00e0 soutenir un avenir durable en optant pour des aliments d\u2019origine v\u00e9g\u00e9tale. Chez VegiDay, nous obtenons nos produits ou nos ingr\u00e9dients uniquement d\u2019entreprises qui ont une \u00ab\u00a0conscience \u00e9cologique\u00a0\u00bb semblable \u00e0 la n\u00f4tre.Nous cherchons des fournisseurs qui pratiquent l\u2019agriculture biologique, garantissent des ingr\u00e9dients sans OGM et souscrivent pleinement au d\u00e9veloppement durable.<\/p>\n<p class=\"p1\" style=\"text-align: left;\">Tous les produits VegiDay sont biologiques, exempts d\u2019OGM, ainsi que de colorants et d\u2019agents de conservation artificiels, et conviennent aux v\u00e9g\u00e9tariens et aux v\u00e9g\u00e9taliens.<\/p>\n","protected":false},"excerpt":{"rendered":"<p>Promouvoir une plan\u00e8te en sant\u00e9, une bouch\u00e9e \u00e0 la fois VegiDay fait partie d\u2019un mouvement qui prend de plus en plus d\u2019ampleur et qui vise \u00e0 nous encourager \u00e0 soutenir un avenir durable en optant pour des aliments d\u2019origine v\u00e9g\u00e9tale. Chez VegiDay, nous obtenons nos produits ou nos ingr\u00e9dients uniquement d\u2019entreprises qui ont une \u00ab\u00a0conscience&#8230;<\/p>\n","protected":false},"author":1,"featured_media":0,"parent":0,"menu_order":2,"comment_status":"closed","ping_status":"closed","template":"pages\/products.php","meta":{"_acf_changed":false,"_et_pb_use_builder":"","_et_pb_old_content":"","_et_gb_content_width":"","footnotes":""},"class_list":["post-198","page","type-page","status-publish","hentry"],"acf":[],"yoast_head":"<!-- This site is optimized with the Yoast SEO Premium plugin v27.2 (Yoast SEO v27.3) - https:\/\/yoast.com\/product\/yoast-seo-premium-wordpress\/ -->\n<title>Produits - VegiDay fr-CA<\/title>\n<meta name=\"robots\" content=\"index, follow, max-snippet:-1, max-image-preview:large, max-video-preview:-1\" \/>\n<link rel=\"canonical\" href=\"https:\/\/myvegiday.com\/fr-ca\/produits\/\" \/>\n<meta property=\"og:locale\" content=\"fr_CA\" \/>\n<meta property=\"og:type\" content=\"article\" \/>\n<meta property=\"og:title\" content=\"Produits\" \/>\n<meta property=\"og:description\" content=\"Promouvoir une plan\u00e8te en sant\u00e9, une bouch\u00e9e \u00e0 la fois VegiDay fait partie d\u2019un mouvement qui prend de plus en plus d\u2019ampleur et qui vise \u00e0 nous encourager \u00e0 soutenir un avenir durable en optant pour des aliments d\u2019origine v\u00e9g\u00e9tale. Chez VegiDay, nous obtenons nos produits ou nos ingr\u00e9dients uniquement d\u2019entreprises qui ont une \u00ab\u00a0conscience...\" \/>\n<meta property=\"og:url\" content=\"https:\/\/myvegiday.com\/fr-ca\/produits\/\" \/>\n<meta property=\"og:site_name\" content=\"VegiDay fr-CA\" \/>\n<meta property=\"article:publisher\" content=\"https:\/\/www.facebook.com\/myvegiday\/\" \/>\n<meta property=\"article:modified_time\" content=\"2020-06-04T15:29:44+00:00\" \/>\n<meta name=\"twitter:card\" content=\"summary_large_image\" \/>\n<meta name=\"twitter:label1\" content=\"Estimation du temps de lecture\" \/>\n\t<meta name=\"twitter:data1\" content=\"1 minute\" \/>\n<script type=\"application\/ld+json\" class=\"yoast-schema-graph\">{\"@context\":\"https:\\\/\\\/schema.org\",\"@graph\":[{\"@type\":\"WebPage\",\"@id\":\"https:\\\/\\\/myvegiday.com\\\/fr-ca\\\/produits\\\/\",\"url\":\"https:\\\/\\\/myvegiday.com\\\/fr-ca\\\/produits\\\/\",\"name\":\"Produits - VegiDay fr-CA\",\"isPartOf\":{\"@id\":\"https:\\\/\\\/myvegiday.com\\\/fr-ca\\\/#website\"},\"datePublished\":\"2015-12-02T08:11:37+00:00\",\"dateModified\":\"2020-06-04T15:29:44+00:00\",\"breadcrumb\":{\"@id\":\"https:\\\/\\\/myvegiday.com\\\/fr-ca\\\/produits\\\/#breadcrumb\"},\"inLanguage\":\"fr-CA\",\"potentialAction\":[{\"@type\":\"ReadAction\",\"target\":[\"https:\\\/\\\/myvegiday.com\\\/fr-ca\\\/produits\\\/\"]}]},{\"@type\":\"BreadcrumbList\",\"@id\":\"https:\\\/\\\/myvegiday.com\\\/fr-ca\\\/produits\\\/#breadcrumb\",\"itemListElement\":[{\"@type\":\"ListItem\",\"position\":1,\"name\":\"Home\",\"item\":\"https:\\\/\\\/myvegiday.com\\\/fr-ca\\\/\"},{\"@type\":\"ListItem\",\"position\":2,\"name\":\"Produits\"}]},{\"@type\":\"WebSite\",\"@id\":\"https:\\\/\\\/myvegiday.com\\\/fr-ca\\\/#website\",\"url\":\"https:\\\/\\\/myvegiday.com\\\/fr-ca\\\/\",\"name\":\"VegiDay fr-CA\",\"description\":\"De l&#039;\u00e9nergie \u00e0 partir de z\u00e9ro\",\"publisher\":{\"@id\":\"https:\\\/\\\/myvegiday.com\\\/fr-ca\\\/#organization\"},\"potentialAction\":[{\"@type\":\"SearchAction\",\"target\":{\"@type\":\"EntryPoint\",\"urlTemplate\":\"https:\\\/\\\/myvegiday.com\\\/fr-ca\\\/?s={search_term_string}\"},\"query-input\":{\"@type\":\"PropertyValueSpecification\",\"valueRequired\":true,\"valueName\":\"search_term_string\"}}],\"inLanguage\":\"fr-CA\"},{\"@type\":\"Organization\",\"@id\":\"https:\\\/\\\/myvegiday.com\\\/fr-ca\\\/#organization\",\"name\":\"VegiDay\",\"url\":\"https:\\\/\\\/myvegiday.com\\\/fr-ca\\\/\",\"logo\":{\"@type\":\"ImageObject\",\"inLanguage\":\"fr-CA\",\"@id\":\"https:\\\/\\\/myvegiday.com\\\/fr-ca\\\/#\\\/schema\\\/logo\\\/image\\\/\",\"url\":\"https:\\\/\\\/myvegiday.com\\\/fr-ca\\\/wp-content\\\/uploads\\\/sites\\\/3\\\/2020\\\/05\\\/Logo-VegiDay-1200x1200-1.png\",\"contentUrl\":\"https:\\\/\\\/myvegiday.com\\\/fr-ca\\\/wp-content\\\/uploads\\\/sites\\\/3\\\/2020\\\/05\\\/Logo-VegiDay-1200x1200-1.png\",\"width\":1200,\"height\":1200,\"caption\":\"VegiDay\"},\"image\":{\"@id\":\"https:\\\/\\\/myvegiday.com\\\/fr-ca\\\/#\\\/schema\\\/logo\\\/image\\\/\"},\"sameAs\":[\"https:\\\/\\\/www.facebook.com\\\/myvegiday\\\/\",\"https:\\\/\\\/www.instagram.com\\\/vegiday\\\/\"]}]}<\/script>\n<!-- \/ Yoast SEO Premium plugin. -->","yoast_head_json":{"title":"Produits - VegiDay fr-CA","robots":{"index":"index","follow":"follow","max-snippet":"max-snippet:-1","max-image-preview":"max-image-preview:large","max-video-preview":"max-video-preview:-1"},"canonical":"https:\/\/myvegiday.com\/fr-ca\/produits\/","og_locale":"fr_CA","og_type":"article","og_title":"Produits","og_description":"Promouvoir une plan\u00e8te en sant\u00e9, une bouch\u00e9e \u00e0 la fois VegiDay fait partie d\u2019un mouvement qui prend de plus en plus d\u2019ampleur et qui vise \u00e0 nous encourager \u00e0 soutenir un avenir durable en optant pour des aliments d\u2019origine v\u00e9g\u00e9tale. Chez VegiDay, nous obtenons nos produits ou nos ingr\u00e9dients uniquement d\u2019entreprises qui ont une \u00ab\u00a0conscience...","og_url":"https:\/\/myvegiday.com\/fr-ca\/produits\/","og_site_name":"VegiDay fr-CA","article_publisher":"https:\/\/www.facebook.com\/myvegiday\/","article_modified_time":"2020-06-04T15:29:44+00:00","twitter_card":"summary_large_image","twitter_misc":{"Estimation du temps de lecture":"1 minute"},"schema":{"@context":"https:\/\/schema.org","@graph":[{"@type":"WebPage","@id":"https:\/\/myvegiday.com\/fr-ca\/produits\/","url":"https:\/\/myvegiday.com\/fr-ca\/produits\/","name":"Produits - VegiDay fr-CA","isPartOf":{"@id":"https:\/\/myvegiday.com\/fr-ca\/#website"},"datePublished":"2015-12-02T08:11:37+00:00","dateModified":"2020-06-04T15:29:44+00:00","breadcrumb":{"@id":"https:\/\/myvegiday.com\/fr-ca\/produits\/#breadcrumb"},"inLanguage":"fr-CA","potentialAction":[{"@type":"ReadAction","target":["https:\/\/myvegiday.com\/fr-ca\/produits\/"]}]},{"@type":"BreadcrumbList","@id":"https:\/\/myvegiday.com\/fr-ca\/produits\/#breadcrumb","itemListElement":[{"@type":"ListItem","position":1,"name":"Home","item":"https:\/\/myvegiday.com\/fr-ca\/"},{"@type":"ListItem","position":2,"name":"Produits"}]},{"@type":"WebSite","@id":"https:\/\/myvegiday.com\/fr-ca\/#website","url":"https:\/\/myvegiday.com\/fr-ca\/","name":"VegiDay fr-CA","description":"De l&#039;\u00e9nergie \u00e0 partir de z\u00e9ro","publisher":{"@id":"https:\/\/myvegiday.com\/fr-ca\/#organization"},"potentialAction":[{"@type":"SearchAction","target":{"@type":"EntryPoint","urlTemplate":"https:\/\/myvegiday.com\/fr-ca\/?s={search_term_string}"},"query-input":{"@type":"PropertyValueSpecification","valueRequired":true,"valueName":"search_term_string"}}],"inLanguage":"fr-CA"},{"@type":"Organization","@id":"https:\/\/myvegiday.com\/fr-ca\/#organization","name":"VegiDay","url":"https:\/\/myvegiday.com\/fr-ca\/","logo":{"@type":"ImageObject","inLanguage":"fr-CA","@id":"https:\/\/myvegiday.com\/fr-ca\/#\/schema\/logo\/image\/","url":"https:\/\/myvegiday.com\/fr-ca\/wp-content\/uploads\/sites\/3\/2020\/05\/Logo-VegiDay-1200x1200-1.png","contentUrl":"https:\/\/myvegiday.com\/fr-ca\/wp-content\/uploads\/sites\/3\/2020\/05\/Logo-VegiDay-1200x1200-1.png","width":1200,"height":1200,"caption":"VegiDay"},"image":{"@id":"https:\/\/myvegiday.com\/fr-ca\/#\/schema\/logo\/image\/"},"sameAs":["https:\/\/www.facebook.com\/myvegiday\/","https:\/\/www.instagram.com\/vegiday\/"]}]}},"_links":{"self":[{"href":"https:\/\/myvegiday.com\/fr-ca\/wp-json\/wp\/v2\/pages\/198","targetHints":{"allow":["GET"]}}],"collection":[{"href":"https:\/\/myvegiday.com\/fr-ca\/wp-json\/wp\/v2\/pages"}],"about":[{"href":"https:\/\/myvegiday.com\/fr-ca\/wp-json\/wp\/v2\/types\/page"}],"author":[{"embeddable":true,"href":"https:\/\/myvegiday.com\/fr-ca\/wp-json\/wp\/v2\/users\/1"}],"replies":[{"embeddable":true,"href":"https:\/\/myvegiday.com\/fr-ca\/wp-json\/wp\/v2\/comments?post=198"}],"version-history":[{"count":0,"href":"https:\/\/myvegiday.com\/fr-ca\/wp-json\/wp\/v2\/pages\/198\/revisions"}],"wp:attachment":[{"href":"https:\/\/myvegiday.com\/fr-ca\/wp-json\/wp\/v2\/media?parent=198"}],"curies":[{"name":"wp","href":"https:\/\/api.w.org\/{rel}","templated":true}]}}