{"id":207,"date":"2015-12-15T19:15:41","date_gmt":"2015-12-15T19:15:41","guid":{"rendered":"http:\/\/myvegiday.wpengine.com\/community-involvement-2\/"},"modified":"2020-06-04T16:12:28","modified_gmt":"2020-06-04T16:12:28","slug":"communautaire","status":"publish","type":"page","link":"https:\/\/myvegiday.com\/fr-ca\/communautaire\/","title":{"rendered":"Communautaire"},"content":{"rendered":"<h1 class=\"p1\" style=\"text-align: center;\"><span class=\"s1\">Un mouvement \u00e9cologique en croissance<\/span><\/h1>\n<p class=\"p1\" style=\"text-align: left;\"><span class=\"s1\">Une alimentation largement v\u00e9g\u00e9tale a des effets positifs directs sur la sant\u00e9 humaine, le bien-\u00eatre des animaux et l\u2019int\u00e9grit\u00e9 du syst\u00e8me \u00e9cologique dont nous d\u00e9pendons tous pour notre alimentation. Et elle est durable. Il est assez surprenant qu\u2019un simple choix alimentaire puisse avoir des r\u00e9percussions aussi grandes \u00e0 l\u2019\u00e9chelle mondiale. Le simple fait de choisir un repas v\u00e9g\u00e9tarien par jour aura des effets positifs sur tout le syst\u00e8me alimentaire mondial.<\/span><\/p>\n<p>VegiDay fait partie d\u2019une communaut\u00e9 mondiale qui nous encourage tous \u00e0 favoriser un avenir durable par tous les moyens possibles, que ce soit en achetant des produits biologiques, en disant NON aux OGM, en aidant \u00e0 entretenir un jardin communautaire ou en enseignant aux g\u00e9n\u00e9rations futures l\u2019importance de prendre soin de la plan\u00e8te. Voici quelques autres organisations qui cherchent \u00e0 apporter une contribution positive\u00a0:<\/p>\n","protected":false},"excerpt":{"rendered":"<p>Un mouvement \u00e9cologique en croissance Une alimentation largement v\u00e9g\u00e9tale a des effets positifs directs sur la sant\u00e9 humaine, le bien-\u00eatre des animaux et l\u2019int\u00e9grit\u00e9 du syst\u00e8me \u00e9cologique dont nous d\u00e9pendons tous pour notre alimentation. Et elle est durable. Il est assez surprenant qu\u2019un simple choix alimentaire puisse avoir des r\u00e9percussions aussi grandes \u00e0 l\u2019\u00e9chelle mondiale&#8230;.<\/p>\n","protected":false},"author":2,"featured_media":0,"parent":0,"menu_order":0,"comment_status":"closed","ping_status":"closed","template":"","meta":{"_acf_changed":false,"_et_pb_use_builder":"","_et_pb_old_content":"","_et_gb_content_width":"","footnotes":""},"class_list":["post-207","page","type-page","status-publish","hentry"],"acf":[],"yoast_head":"<!-- This site is optimized with the Yoast SEO Premium plugin v27.2 (Yoast SEO v27.4) - https:\/\/yoast.com\/product\/yoast-seo-premium-wordpress\/ -->\n<title>Communautaire - VegiDay fr-CA<\/title>\n<meta name=\"robots\" content=\"index, follow, max-snippet:-1, max-image-preview:large, max-video-preview:-1\" \/>\n<link rel=\"canonical\" href=\"https:\/\/myvegiday.com\/fr-ca\/communautaire\/\" \/>\n<meta property=\"og:locale\" content=\"fr_CA\" \/>\n<meta property=\"og:type\" content=\"article\" \/>\n<meta property=\"og:title\" content=\"Communautaire\" \/>\n<meta property=\"og:description\" content=\"Un mouvement \u00e9cologique en croissance Une alimentation largement v\u00e9g\u00e9tale a des effets positifs directs sur la sant\u00e9 humaine, le bien-\u00eatre des animaux et l\u2019int\u00e9grit\u00e9 du syst\u00e8me \u00e9cologique dont nous d\u00e9pendons tous pour notre alimentation. Et elle est durable. Il est assez surprenant qu\u2019un simple choix alimentaire puisse avoir des r\u00e9percussions aussi grandes \u00e0 l\u2019\u00e9chelle mondiale....\" \/>\n<meta property=\"og:url\" content=\"https:\/\/myvegiday.com\/fr-ca\/communautaire\/\" \/>\n<meta property=\"og:site_name\" content=\"VegiDay fr-CA\" \/>\n<meta property=\"article:publisher\" content=\"https:\/\/www.facebook.com\/myvegiday\/\" \/>\n<meta property=\"article:modified_time\" content=\"2020-06-04T16:12:28+00:00\" \/>\n<meta name=\"twitter:card\" content=\"summary_large_image\" \/>\n<meta name=\"twitter:label1\" content=\"Estimation du temps de lecture\" \/>\n\t<meta name=\"twitter:data1\" content=\"1 minute\" \/>\n<script type=\"application\/ld+json\" class=\"yoast-schema-graph\">{\"@context\":\"https:\\\/\\\/schema.org\",\"@graph\":[{\"@type\":\"WebPage\",\"@id\":\"https:\\\/\\\/myvegiday.com\\\/fr-ca\\\/communautaire\\\/\",\"url\":\"https:\\\/\\\/myvegiday.com\\\/fr-ca\\\/communautaire\\\/\",\"name\":\"Communautaire - VegiDay fr-CA\",\"isPartOf\":{\"@id\":\"https:\\\/\\\/myvegiday.com\\\/fr-ca\\\/#website\"},\"datePublished\":\"2015-12-15T19:15:41+00:00\",\"dateModified\":\"2020-06-04T16:12:28+00:00\",\"breadcrumb\":{\"@id\":\"https:\\\/\\\/myvegiday.com\\\/fr-ca\\\/communautaire\\\/#breadcrumb\"},\"inLanguage\":\"fr-CA\",\"potentialAction\":[{\"@type\":\"ReadAction\",\"target\":[\"https:\\\/\\\/myvegiday.com\\\/fr-ca\\\/communautaire\\\/\"]}]},{\"@type\":\"BreadcrumbList\",\"@id\":\"https:\\\/\\\/myvegiday.com\\\/fr-ca\\\/communautaire\\\/#breadcrumb\",\"itemListElement\":[{\"@type\":\"ListItem\",\"position\":1,\"name\":\"Home\",\"item\":\"https:\\\/\\\/myvegiday.com\\\/fr-ca\\\/\"},{\"@type\":\"ListItem\",\"position\":2,\"name\":\"Communautaire\"}]},{\"@type\":\"WebSite\",\"@id\":\"https:\\\/\\\/myvegiday.com\\\/fr-ca\\\/#website\",\"url\":\"https:\\\/\\\/myvegiday.com\\\/fr-ca\\\/\",\"name\":\"VegiDay fr-CA\",\"description\":\"De l&#039;\u00e9nergie \u00e0 partir de z\u00e9ro\",\"publisher\":{\"@id\":\"https:\\\/\\\/myvegiday.com\\\/fr-ca\\\/#organization\"},\"potentialAction\":[{\"@type\":\"SearchAction\",\"target\":{\"@type\":\"EntryPoint\",\"urlTemplate\":\"https:\\\/\\\/myvegiday.com\\\/fr-ca\\\/?s={search_term_string}\"},\"query-input\":{\"@type\":\"PropertyValueSpecification\",\"valueRequired\":true,\"valueName\":\"search_term_string\"}}],\"inLanguage\":\"fr-CA\"},{\"@type\":\"Organization\",\"@id\":\"https:\\\/\\\/myvegiday.com\\\/fr-ca\\\/#organization\",\"name\":\"VegiDay\",\"url\":\"https:\\\/\\\/myvegiday.com\\\/fr-ca\\\/\",\"logo\":{\"@type\":\"ImageObject\",\"inLanguage\":\"fr-CA\",\"@id\":\"https:\\\/\\\/myvegiday.com\\\/fr-ca\\\/#\\\/schema\\\/logo\\\/image\\\/\",\"url\":\"https:\\\/\\\/myvegiday.com\\\/fr-ca\\\/wp-content\\\/uploads\\\/sites\\\/3\\\/2020\\\/05\\\/Logo-VegiDay-1200x1200-1.png\",\"contentUrl\":\"https:\\\/\\\/myvegiday.com\\\/fr-ca\\\/wp-content\\\/uploads\\\/sites\\\/3\\\/2020\\\/05\\\/Logo-VegiDay-1200x1200-1.png\",\"width\":1200,\"height\":1200,\"caption\":\"VegiDay\"},\"image\":{\"@id\":\"https:\\\/\\\/myvegiday.com\\\/fr-ca\\\/#\\\/schema\\\/logo\\\/image\\\/\"},\"sameAs\":[\"https:\\\/\\\/www.facebook.com\\\/myvegiday\\\/\",\"https:\\\/\\\/www.instagram.com\\\/vegiday\\\/\"]}]}<\/script>\n<!-- \/ Yoast SEO Premium plugin. -->","yoast_head_json":{"title":"Communautaire - VegiDay fr-CA","robots":{"index":"index","follow":"follow","max-snippet":"max-snippet:-1","max-image-preview":"max-image-preview:large","max-video-preview":"max-video-preview:-1"},"canonical":"https:\/\/myvegiday.com\/fr-ca\/communautaire\/","og_locale":"fr_CA","og_type":"article","og_title":"Communautaire","og_description":"Un mouvement \u00e9cologique en croissance Une alimentation largement v\u00e9g\u00e9tale a des effets positifs directs sur la sant\u00e9 humaine, le bien-\u00eatre des animaux et l\u2019int\u00e9grit\u00e9 du syst\u00e8me \u00e9cologique dont nous d\u00e9pendons tous pour notre alimentation. Et elle est durable. Il est assez surprenant qu\u2019un simple choix alimentaire puisse avoir des r\u00e9percussions aussi grandes \u00e0 l\u2019\u00e9chelle mondiale....","og_url":"https:\/\/myvegiday.com\/fr-ca\/communautaire\/","og_site_name":"VegiDay fr-CA","article_publisher":"https:\/\/www.facebook.com\/myvegiday\/","article_modified_time":"2020-06-04T16:12:28+00:00","twitter_card":"summary_large_image","twitter_misc":{"Estimation du temps de lecture":"1 minute"},"schema":{"@context":"https:\/\/schema.org","@graph":[{"@type":"WebPage","@id":"https:\/\/myvegiday.com\/fr-ca\/communautaire\/","url":"https:\/\/myvegiday.com\/fr-ca\/communautaire\/","name":"Communautaire - VegiDay fr-CA","isPartOf":{"@id":"https:\/\/myvegiday.com\/fr-ca\/#website"},"datePublished":"2015-12-15T19:15:41+00:00","dateModified":"2020-06-04T16:12:28+00:00","breadcrumb":{"@id":"https:\/\/myvegiday.com\/fr-ca\/communautaire\/#breadcrumb"},"inLanguage":"fr-CA","potentialAction":[{"@type":"ReadAction","target":["https:\/\/myvegiday.com\/fr-ca\/communautaire\/"]}]},{"@type":"BreadcrumbList","@id":"https:\/\/myvegiday.com\/fr-ca\/communautaire\/#breadcrumb","itemListElement":[{"@type":"ListItem","position":1,"name":"Home","item":"https:\/\/myvegiday.com\/fr-ca\/"},{"@type":"ListItem","position":2,"name":"Communautaire"}]},{"@type":"WebSite","@id":"https:\/\/myvegiday.com\/fr-ca\/#website","url":"https:\/\/myvegiday.com\/fr-ca\/","name":"VegiDay fr-CA","description":"De l&#039;\u00e9nergie \u00e0 partir de z\u00e9ro","publisher":{"@id":"https:\/\/myvegiday.com\/fr-ca\/#organization"},"potentialAction":[{"@type":"SearchAction","target":{"@type":"EntryPoint","urlTemplate":"https:\/\/myvegiday.com\/fr-ca\/?s={search_term_string}"},"query-input":{"@type":"PropertyValueSpecification","valueRequired":true,"valueName":"search_term_string"}}],"inLanguage":"fr-CA"},{"@type":"Organization","@id":"https:\/\/myvegiday.com\/fr-ca\/#organization","name":"VegiDay","url":"https:\/\/myvegiday.com\/fr-ca\/","logo":{"@type":"ImageObject","inLanguage":"fr-CA","@id":"https:\/\/myvegiday.com\/fr-ca\/#\/schema\/logo\/image\/","url":"https:\/\/myvegiday.com\/fr-ca\/wp-content\/uploads\/sites\/3\/2020\/05\/Logo-VegiDay-1200x1200-1.png","contentUrl":"https:\/\/myvegiday.com\/fr-ca\/wp-content\/uploads\/sites\/3\/2020\/05\/Logo-VegiDay-1200x1200-1.png","width":1200,"height":1200,"caption":"VegiDay"},"image":{"@id":"https:\/\/myvegiday.com\/fr-ca\/#\/schema\/logo\/image\/"},"sameAs":["https:\/\/www.facebook.com\/myvegiday\/","https:\/\/www.instagram.com\/vegiday\/"]}]}},"_links":{"self":[{"href":"https:\/\/myvegiday.com\/fr-ca\/wp-json\/wp\/v2\/pages\/207","targetHints":{"allow":["GET"]}}],"collection":[{"href":"https:\/\/myvegiday.com\/fr-ca\/wp-json\/wp\/v2\/pages"}],"about":[{"href":"https:\/\/myvegiday.com\/fr-ca\/wp-json\/wp\/v2\/types\/page"}],"author":[{"embeddable":true,"href":"https:\/\/myvegiday.com\/fr-ca\/wp-json\/wp\/v2\/users\/2"}],"replies":[{"embeddable":true,"href":"https:\/\/myvegiday.com\/fr-ca\/wp-json\/wp\/v2\/comments?post=207"}],"version-history":[{"count":0,"href":"https:\/\/myvegiday.com\/fr-ca\/wp-json\/wp\/v2\/pages\/207\/revisions"}],"wp:attachment":[{"href":"https:\/\/myvegiday.com\/fr-ca\/wp-json\/wp\/v2\/media?parent=207"}],"curies":[{"name":"wp","href":"https:\/\/api.w.org\/{rel}","templated":true}]}}