{"id":220,"date":"2015-12-15T21:17:18","date_gmt":"2015-12-15T21:17:18","guid":{"rendered":"http:\/\/myvegiday.wpengine.com\/privacy-policy-2\/"},"modified":"2024-01-19T19:56:14","modified_gmt":"2024-01-19T19:56:14","slug":"politique-de-confidentialite","status":"publish","type":"page","link":"https:\/\/myvegiday.com\/fr-ca\/politique-de-confidentialite\/","title":{"rendered":"Politique de confidentialit\u00e9"},"content":{"rendered":"<p>Mis \u00e0 jour le 2024-01-19<\/p>\n<p>La pr\u00e9sente Politique est un \u00e9nonc\u00e9 des principes et des pratiques de confidentialit\u00e9 g\u00e9n\u00e9rales qui guident la mani\u00e8re dont nous recueillons, conservons et utilisons les renseignements personnels. Notre Politique de confidentialit\u00e9 est facile \u00e0 consulter puisqu\u2019un hyperlien figure sur la page d\u2019accueil et sur chacune des pages de ce site Web. Toute demande de renseignements personnels s\u2019accompagne, s\u2019il y a lieu, d\u2019une explication quant \u00e0 l\u2019usage qui sera fait de ces donn\u00e9es. La pr\u00e9sente Politique, ainsi que toute explication suppl\u00e9mentaire, vise \u00e0 offrir un niveau de confidentialit\u00e9 adapt\u00e9 au visiteur ou \u00e0 l\u2019utilisateur de ce site (\u00ab le site \u00bb) qui se trouve \u00e0 www.myvegiday.com\/fr-ca.<\/p>\n<p>1. ENGAGEMENT ENVERS LA CONFIDENTIALIT\u00c9<br \/>\nL\u2019expression \u00ab renseignements personnels \u00bb, utilis\u00e9e dans la pr\u00e9sente Politique d\u00e9signe toute information, telle que votre nom, votre date de naissance, votre adresse \u00e9lectronique ou votre adresse postale, qui peut servir \u00e0 vous identifier. Assured Natural n\u2019utilisera pas vos renseignements personnels sans votre consentement. Dans le traitement de vos donn\u00e9es personnelles, nous nous engageons \u00e0 respecter pleinement les normes internationalement reconnues de protection des renseignements personnels. Ce faisant, nous veillons \u00e0 respecter par notre personnel \u00e0 des normes strictes de s\u00e9curit\u00e9 et de confidentialit\u00e9.<br \/>\nLes sections qui suivent expliquent comment et \u00e0 quelles fins nous demandons des renseignements personnels.<\/p>\n<p>2. UTILISATION PR\u00c9VUE DES RENSEIGNEMENTS PERSONNELS<br \/>\nLa plupart de nos services ne requi\u00e8rent aucune forme d\u2019inscription, ce qui vous permet de consulter notre site sans vous identifier. Toutefois, il est possible que certains services exigent que vous vous inscriviez. Vous devez alors remplir des champs pr\u00e9cis. Si vous d\u00e9cidez de ne pas fournir certains des renseignements personnels demand\u00e9s, il est possible que vous n\u2019ayez pas acc\u00e8s \u00e0 certaines parties du site ou que nous ne puissions r\u00e9pondre \u00e0 votre demande d\u2019information.<\/p>\n<p>Assured Natural Distribution Inc. (\u00ab Assured Natural \u00bb) utilise les renseignements personnels \u00e0 des fins restreintes et particuli\u00e8res dont vous \u00eates inform\u00e9s au moment o\u00f9 nous demandons les donn\u00e9es. Par exemple, nous pouvons recueillir et utiliser les renseignements personnels afin de vous offrir des produits ou des services, de facturer les produits et services que vous demandez, de mettre en march\u00e9 des produits et services qui, \u00e0 notre avis, sont susceptibles de vous int\u00e9resser ou de communiquer avec vous \u00e0 d\u2019autres fins. L\u2019information que vous transmettez \u00e0 notre service \u00e0 la client\u00e8le servira uniquement \u00e0 nous aider \u00e0 r\u00e9soudre votre probl\u00e8me et sera gard\u00e9e strictement confidentielle.<\/p>\n<p>Assured Natural conserve vos donn\u00e9es pour aussi longtemps qu\u2019il est raisonnablement n\u00e9cessaire de le faire aux fins pr\u00e9vues et conform\u00e9ment \u00e0 toute obligation juridique ou professionnelle de d\u00e9claration ou de conservation des documents.<\/p>\n<p>3. NON-DIVULGATION DE L\u2019INFORMATION<br \/>\nAssured Natural s\u2019engage \u00e0 ne pas vendre, communiquer ou diffuser de quelconque fa\u00e7on vos renseignements personnels \u00e0 des tiers qui ne font pas partie de Assured Natural. Cependant, ces renseignements \u00e0 des tiers qui ne font pas partie de Assured Natural. Cependant ces renseignements peuvent \u00eatre communiqu\u00e9s occasionnellement \u00e0 des tiers qui agissent au nom de Assured Natural, ou en rapport avec les activit\u00e9s de Assured Natural pour utilisation ult\u00e9rieure, conform\u00e9ment aux fins auxquelles les renseignements ont \u00e9t\u00e9 recueillis \u00e0 l\u2019origine.<\/p>\n<p>Lorsqu\u2019il y a divulgation de renseignements personnels \u00e0 un tiers, nous essayons, dans la mesure du possible, de nous assurer que l\u2019information est utilis\u00e9e conform\u00e9ment aux fins auxquelles elle a \u00e9t\u00e9 recueillie et dans les limites \u00e9tablies alors. Il peut arriver que ces tiers aient une politique de confidentialit\u00e9 diff\u00e9rente. Si le pr\u00e9sent site Web \u00e9tait ferm\u00e9 pour une quelconque raison, tous les renseignements personnels recueillis seraient d\u00e9truits, ou vous seriez inform\u00e9 de toute autre forme d\u2019utilisation des donn\u00e9es, afin de pouvoir r\u00e9voquer votre consentement \u00e0 l\u2019utilisation des renseignements, s\u2019il y a lieu.<\/p>\n<p>4. DROIT D\u2019ACC\u00c8S<br \/>\nVous avez le droit d\u2019acc\u00e9der \u00e0 vos renseignements personnels et de les mettre \u00e0 jour ou d\u2019exiger leur suppression. Nous nous effor\u00e7ons de nous assurer que les renseignements personnels sont \u00e0 jour, exacts et complets. Si vous souhaitez acc\u00e9der aux renseignements que nous d\u00e9tenons ou les corriger, veuillez nous contacter \u00e0 info@assurednatural.com. Votre demande sera trait\u00e9e promptement et de mani\u00e8re appropri\u00e9e. Une demande de correction n\u2019entra\u00eene pas de frais, mais pour toute autre demande, Assured Natural peut exiger une l\u00e9g\u00e8re redevance pour faire ses frais. Les demandes de suppression de renseignements personnels sont assujetties \u00e0 toutes les obligations juridiques et professionnelles de d\u00e9claration ou encore de d\u00e9p\u00f4t ou de conservation de documents auxquelles est soumise Assured Natural.<\/p>\n<p>5. S\u00c9CURIT\u00c9 ET CONFIDENTIALIT\u00c9<br \/>\nAfin de garantir la s\u00e9curit\u00e9 et la confidentialit\u00e9 des renseignements personnels que Assured Natural recueille en direct, Assured Natural a recours \u00e0 des r\u00e9seaux de donn\u00e9es prot\u00e9g\u00e9s, entre autres, par des pare-feu et des mesures de protection du mot de passe. L\u2019acc\u00e8s aux renseignements personnels est r\u00e9serv\u00e9 aux employ\u00e9s qui ont besoin d\u2019utiliser ces donn\u00e9es, qui ont re\u00e7u la formation n\u00e9cessaire pour traiter ce genre d\u2019information de mani\u00e8re appropri\u00e9e et qui observent des normes s\u00e9v\u00e8res de confidentialit\u00e9. Tout employ\u00e9 qui enfreint nos politiques et marches \u00e0 suivre fera l\u2019objet de mesures disciplinaires appropri\u00e9es. Le respect par le personnel de nos politiques et marches \u00e0 suivre est v\u00e9rifi\u00e9 et examin\u00e9 p\u00e9riodiquement. Bien que nous ne puissions offrir de garantie contre la perte, le m\u00e9susage ou la modification des donn\u00e9es, nous nous effor\u00e7ons d\u2019emp\u00eacher ces \u00e9v\u00e9nements malheureux.<\/p>\n<p>6. TRANSFERT DE DONN\u00c9ES \u00c0 L\u2019\u00c9TRANGER<br \/>\nIl est possible que nous transf\u00e9rions vos donn\u00e9es \u00e0 l\u2019une des bases de donn\u00e9es de Assured Natural en dehors de votre pays de r\u00e9sidence. Si le niveau de protection des renseignements personnel dans un pays n\u2019est pas appropri\u00e9, nous nous assurerons que les transferts de donn\u00e9es dans les bases de donn\u00e9es de Assured Natural dans ce pays sont prot\u00e9g\u00e9s ad\u00e9quatement et qu\u2019il n\u2019y aura pas de transfert \u00e0 des tiers dans ces pays, \u00e0 moins que nous n\u2019ayons obtenu votre consentement expr\u00e8s au pr\u00e9alable.<\/p>\n<p>7. DONN\u00c9ES ANONYMES ET T\u00c9MOINS<br \/>\nLa plupart des donn\u00e9es que Assured Natural recueille sur ses sites Web sont des renseignements anonymes, par exemple les pages que vous consultez et vos diff\u00e9rentes recherches. Lorsque vous visitez notre site Web, nous ne recueillons pas de renseignements personnels sans votre autorisation.<\/p>\n<p>Les donn\u00e9es anonymes sont utilis\u00e9es par Assured Natural pour nous aider \u00e0 am\u00e9liorer le contenu du site et \u00e0 compiler des statistiques globales sur le profil des personnes qui consultent notre site, \u00e0 des fins internes d\u2019\u00e9tude de march\u00e9. Pour ce faire, Assured Natural peut placer des t\u00e9moins (\u00ab cookies \u00bb) qui permettent de recueillir des donn\u00e9es telles le nom de domaine de premier niveau de l\u2019utilisateur (p. ex., \u00ab monserveur.com \u00bb d\u2019une adresse \u00e9lectronique comme jean@monserveur.com, ainsi que la date et l\u2019heure d\u2019acc\u00e8s. Les t\u00e9moins ne peuvent en soi \u00eatre utilis\u00e9s pour d\u00e9couvrir l\u2019identit\u00e9 de l\u2019utilisateur. Le t\u00e9moin est une petite portion d\u2019information qui est envoy\u00e9e \u00e0 votre navigateur et plac\u00e9e sur votre disque dur. Les t\u00e9moins n\u2019endommagent pas votre ordinateur. Vous pouvez configurer votre navigateur de fa\u00e7on qu\u2019il vous avertisse lorsqu\u2019il re\u00e7oit un t\u00e9moin ; vous \u00eates alors en mesure de d\u00e9cider s\u2019il convient de l\u2019accepter ou non.<\/p>\n<p>8. POURRIELS<br \/>\nAssured Natural n\u2019accepte pas les \u00ab pourriels \u00bb. Ceux-ci sont d\u00e9finis comme des courriels non sollicit\u00e9s, habituellement de nature commerciale, envoy\u00e9s en grand nombre et de fa\u00e7on r\u00e9p\u00e9t\u00e9e \u00e0 des personnes avec lesquelles l\u2019exp\u00e9diteur n\u2019a jamais eu de contact auparavant ou qui ont refus\u00e9 de recevoir ce genre de communications.<\/p>\n<p>Par ailleurs, lorsque Assured Natural croit qu\u2019une information donn\u00e9e sur un produit, sur la sant\u00e9 ou sur un autre sujet est importante pour vous, elle se r\u00e9serve le droit de vous informer par courriel, tout en vous donnant la possibilit\u00e9 de refuser ce service.<\/p>\n<p>9. LES RENSEIGNEMENTS PERSONNELS ET LES ENFANTS<br \/>\nAssured Natural s\u2019engage \u00e0 ne pas d\u00e9lib\u00e9r\u00e9ment recueillir, utiliser ou divulguer les renseignements personnels concernant des jeunes de moins de 13 ans, sans avoir obtenu au pr\u00e9alable le consentement d\u2019une personne exer\u00e7ant une responsabilit\u00e9 parentale (p. ex., un parent ou un tuteur) par contact direct, hors ligne. Nous fournirons au parent a) un avis du genre de renseignements personnels pr\u00e9cis qui sont demand\u00e9s au jeune et b) la possibilit\u00e9 de refuser la collecte, l\u2019utilisation ou le stockage de cette information. Assured Natural respecte les lois pour la protection des enfants.<\/p>\n<p>10. LIENS VERS D\u2019AUTRES SITES<br \/>\nLa pr\u00e9sente Politique de confidentialit\u00e9 ne s\u2019applique qu\u2019\u00e0 ce Site, exclusion faite des sites Web de tiers. Assured Natural peut fournir des liens menant \u00e0 d\u2019autres sites Web qui lui semblent offrir un int\u00e9r\u00eat pour ses visiteurs. Elle s\u2019efforce de s\u2019assurer que ces sites sont de la plus grande qualit\u00e9 possible. Toutefois, compte tenu de la nature du Web, Assured Natural ne peut garantir le niveau de qualit\u00e9 de chaque site ext\u00e9rieur auquel m\u00e8ne un hyperlien et ne peut \u00eatre tenue responsable du contenu des sites en dehors de Assured Natural.<\/p>\n<p>11. RESPONSABLE DE CONTACT ET DE CONFIDENTIALIT\u00c9<br \/>\nSi vous avez des questions ou des plaintes concernant notre respect de cette politique de confidentialit\u00e9, ou si vous souhaitez faire des recommandations ou des commentaires pour am\u00e9liorer la qualit\u00e9 de notre politique de confidentialit\u00e9, veuillez nous envoyer un e-mail \u00e0 : info@assurednatural.com. Notre responsable de la confidentialit\u00e9 est Matthew Stroh, directeur des op\u00e9rations marketing. Cette politique de confidentialit\u00e9 entre en vigueur le 3 mars 2015. Nous visons \u00e0 am\u00e9liorer constamment les outils mis \u00e0 votre disposition pour g\u00e9rer les donn\u00e9es que vous nous fournissez. Veuillez vous r\u00e9f\u00e9rer \u00e0 cette page de temps en temps pour consulter ces autres nouvelles fonctionnalit\u00e9s.<\/p>\n","protected":false},"excerpt":{"rendered":"<p>Mis \u00e0 jour le 2024-01-19 La pr\u00e9sente Politique est un \u00e9nonc\u00e9 des principes et des pratiques de confidentialit\u00e9 g\u00e9n\u00e9rales qui guident la mani\u00e8re dont nous recueillons, conservons et utilisons les renseignements personnels. Notre Politique de confidentialit\u00e9 est facile \u00e0 consulter puisqu\u2019un hyperlien figure sur la page d\u2019accueil et sur chacune des pages de ce site&#8230;<\/p>\n","protected":false},"author":2,"featured_media":0,"parent":0,"menu_order":0,"comment_status":"closed","ping_status":"closed","template":"","meta":{"_acf_changed":false,"_et_pb_use_builder":"","_et_pb_old_content":"","_et_gb_content_width":"","footnotes":""},"class_list":["post-220","page","type-page","status-publish","hentry"],"acf":[],"yoast_head":"<!-- This site is optimized with the Yoast SEO Premium plugin v27.2 (Yoast SEO v27.5) - https:\/\/yoast.com\/product\/yoast-seo-premium-wordpress\/ -->\n<title>Politique de confidentialit\u00e9 - VegiDay fr-CA<\/title>\n<meta name=\"robots\" content=\"index, follow, max-snippet:-1, max-image-preview:large, max-video-preview:-1\" \/>\n<link rel=\"canonical\" href=\"https:\/\/myvegiday.com\/fr-ca\/politique-de-confidentialite\/\" \/>\n<meta property=\"og:locale\" content=\"fr_CA\" \/>\n<meta property=\"og:type\" content=\"article\" \/>\n<meta property=\"og:title\" content=\"Politique de confidentialit\u00e9\" \/>\n<meta property=\"og:description\" content=\"Mis \u00e0 jour le 2024-01-19 La pr\u00e9sente Politique est un \u00e9nonc\u00e9 des principes et des pratiques de confidentialit\u00e9 g\u00e9n\u00e9rales qui guident la mani\u00e8re dont nous recueillons, conservons et utilisons les renseignements personnels. Notre Politique de confidentialit\u00e9 est facile \u00e0 consulter puisqu\u2019un hyperlien figure sur la page d\u2019accueil et sur chacune des pages de ce site...\" \/>\n<meta property=\"og:url\" content=\"https:\/\/myvegiday.com\/fr-ca\/politique-de-confidentialite\/\" \/>\n<meta property=\"og:site_name\" content=\"VegiDay fr-CA\" \/>\n<meta property=\"article:publisher\" content=\"https:\/\/www.facebook.com\/myvegiday\/\" \/>\n<meta property=\"article:modified_time\" content=\"2024-01-19T19:56:14+00:00\" \/>\n<meta name=\"twitter:card\" content=\"summary_large_image\" \/>\n<meta name=\"twitter:label1\" content=\"Estimation du temps de lecture\" \/>\n\t<meta name=\"twitter:data1\" content=\"8 minutes\" \/>\n<script type=\"application\/ld+json\" class=\"yoast-schema-graph\">{\"@context\":\"https:\\\/\\\/schema.org\",\"@graph\":[{\"@type\":\"WebPage\",\"@id\":\"https:\\\/\\\/myvegiday.com\\\/fr-ca\\\/politique-de-confidentialite\\\/\",\"url\":\"https:\\\/\\\/myvegiday.com\\\/fr-ca\\\/politique-de-confidentialite\\\/\",\"name\":\"Politique de confidentialit\u00e9 - VegiDay fr-CA\",\"isPartOf\":{\"@id\":\"https:\\\/\\\/myvegiday.com\\\/fr-ca\\\/#website\"},\"datePublished\":\"2015-12-15T21:17:18+00:00\",\"dateModified\":\"2024-01-19T19:56:14+00:00\",\"breadcrumb\":{\"@id\":\"https:\\\/\\\/myvegiday.com\\\/fr-ca\\\/politique-de-confidentialite\\\/#breadcrumb\"},\"inLanguage\":\"fr-CA\",\"potentialAction\":[{\"@type\":\"ReadAction\",\"target\":[\"https:\\\/\\\/myvegiday.com\\\/fr-ca\\\/politique-de-confidentialite\\\/\"]}]},{\"@type\":\"BreadcrumbList\",\"@id\":\"https:\\\/\\\/myvegiday.com\\\/fr-ca\\\/politique-de-confidentialite\\\/#breadcrumb\",\"itemListElement\":[{\"@type\":\"ListItem\",\"position\":1,\"name\":\"Home\",\"item\":\"https:\\\/\\\/myvegiday.com\\\/fr-ca\\\/\"},{\"@type\":\"ListItem\",\"position\":2,\"name\":\"Politique de confidentialit\u00e9\"}]},{\"@type\":\"WebSite\",\"@id\":\"https:\\\/\\\/myvegiday.com\\\/fr-ca\\\/#website\",\"url\":\"https:\\\/\\\/myvegiday.com\\\/fr-ca\\\/\",\"name\":\"VegiDay fr-CA\",\"description\":\"De l&#039;\u00e9nergie \u00e0 partir de z\u00e9ro\",\"publisher\":{\"@id\":\"https:\\\/\\\/myvegiday.com\\\/fr-ca\\\/#organization\"},\"potentialAction\":[{\"@type\":\"SearchAction\",\"target\":{\"@type\":\"EntryPoint\",\"urlTemplate\":\"https:\\\/\\\/myvegiday.com\\\/fr-ca\\\/?s={search_term_string}\"},\"query-input\":{\"@type\":\"PropertyValueSpecification\",\"valueRequired\":true,\"valueName\":\"search_term_string\"}}],\"inLanguage\":\"fr-CA\"},{\"@type\":\"Organization\",\"@id\":\"https:\\\/\\\/myvegiday.com\\\/fr-ca\\\/#organization\",\"name\":\"VegiDay\",\"url\":\"https:\\\/\\\/myvegiday.com\\\/fr-ca\\\/\",\"logo\":{\"@type\":\"ImageObject\",\"inLanguage\":\"fr-CA\",\"@id\":\"https:\\\/\\\/myvegiday.com\\\/fr-ca\\\/#\\\/schema\\\/logo\\\/image\\\/\",\"url\":\"https:\\\/\\\/myvegiday.com\\\/fr-ca\\\/wp-content\\\/uploads\\\/sites\\\/3\\\/2020\\\/05\\\/Logo-VegiDay-1200x1200-1.png\",\"contentUrl\":\"https:\\\/\\\/myvegiday.com\\\/fr-ca\\\/wp-content\\\/uploads\\\/sites\\\/3\\\/2020\\\/05\\\/Logo-VegiDay-1200x1200-1.png\",\"width\":1200,\"height\":1200,\"caption\":\"VegiDay\"},\"image\":{\"@id\":\"https:\\\/\\\/myvegiday.com\\\/fr-ca\\\/#\\\/schema\\\/logo\\\/image\\\/\"},\"sameAs\":[\"https:\\\/\\\/www.facebook.com\\\/myvegiday\\\/\",\"https:\\\/\\\/www.instagram.com\\\/vegiday\\\/\"]}]}<\/script>\n<!-- \/ Yoast SEO Premium plugin. -->","yoast_head_json":{"title":"Politique de confidentialit\u00e9 - VegiDay fr-CA","robots":{"index":"index","follow":"follow","max-snippet":"max-snippet:-1","max-image-preview":"max-image-preview:large","max-video-preview":"max-video-preview:-1"},"canonical":"https:\/\/myvegiday.com\/fr-ca\/politique-de-confidentialite\/","og_locale":"fr_CA","og_type":"article","og_title":"Politique de confidentialit\u00e9","og_description":"Mis \u00e0 jour le 2024-01-19 La pr\u00e9sente Politique est un \u00e9nonc\u00e9 des principes et des pratiques de confidentialit\u00e9 g\u00e9n\u00e9rales qui guident la mani\u00e8re dont nous recueillons, conservons et utilisons les renseignements personnels. Notre Politique de confidentialit\u00e9 est facile \u00e0 consulter puisqu\u2019un hyperlien figure sur la page d\u2019accueil et sur chacune des pages de ce site...","og_url":"https:\/\/myvegiday.com\/fr-ca\/politique-de-confidentialite\/","og_site_name":"VegiDay fr-CA","article_publisher":"https:\/\/www.facebook.com\/myvegiday\/","article_modified_time":"2024-01-19T19:56:14+00:00","twitter_card":"summary_large_image","twitter_misc":{"Estimation du temps de lecture":"8 minutes"},"schema":{"@context":"https:\/\/schema.org","@graph":[{"@type":"WebPage","@id":"https:\/\/myvegiday.com\/fr-ca\/politique-de-confidentialite\/","url":"https:\/\/myvegiday.com\/fr-ca\/politique-de-confidentialite\/","name":"Politique de confidentialit\u00e9 - VegiDay fr-CA","isPartOf":{"@id":"https:\/\/myvegiday.com\/fr-ca\/#website"},"datePublished":"2015-12-15T21:17:18+00:00","dateModified":"2024-01-19T19:56:14+00:00","breadcrumb":{"@id":"https:\/\/myvegiday.com\/fr-ca\/politique-de-confidentialite\/#breadcrumb"},"inLanguage":"fr-CA","potentialAction":[{"@type":"ReadAction","target":["https:\/\/myvegiday.com\/fr-ca\/politique-de-confidentialite\/"]}]},{"@type":"BreadcrumbList","@id":"https:\/\/myvegiday.com\/fr-ca\/politique-de-confidentialite\/#breadcrumb","itemListElement":[{"@type":"ListItem","position":1,"name":"Home","item":"https:\/\/myvegiday.com\/fr-ca\/"},{"@type":"ListItem","position":2,"name":"Politique de confidentialit\u00e9"}]},{"@type":"WebSite","@id":"https:\/\/myvegiday.com\/fr-ca\/#website","url":"https:\/\/myvegiday.com\/fr-ca\/","name":"VegiDay fr-CA","description":"De l&#039;\u00e9nergie \u00e0 partir de z\u00e9ro","publisher":{"@id":"https:\/\/myvegiday.com\/fr-ca\/#organization"},"potentialAction":[{"@type":"SearchAction","target":{"@type":"EntryPoint","urlTemplate":"https:\/\/myvegiday.com\/fr-ca\/?s={search_term_string}"},"query-input":{"@type":"PropertyValueSpecification","valueRequired":true,"valueName":"search_term_string"}}],"inLanguage":"fr-CA"},{"@type":"Organization","@id":"https:\/\/myvegiday.com\/fr-ca\/#organization","name":"VegiDay","url":"https:\/\/myvegiday.com\/fr-ca\/","logo":{"@type":"ImageObject","inLanguage":"fr-CA","@id":"https:\/\/myvegiday.com\/fr-ca\/#\/schema\/logo\/image\/","url":"https:\/\/myvegiday.com\/fr-ca\/wp-content\/uploads\/sites\/3\/2020\/05\/Logo-VegiDay-1200x1200-1.png","contentUrl":"https:\/\/myvegiday.com\/fr-ca\/wp-content\/uploads\/sites\/3\/2020\/05\/Logo-VegiDay-1200x1200-1.png","width":1200,"height":1200,"caption":"VegiDay"},"image":{"@id":"https:\/\/myvegiday.com\/fr-ca\/#\/schema\/logo\/image\/"},"sameAs":["https:\/\/www.facebook.com\/myvegiday\/","https:\/\/www.instagram.com\/vegiday\/"]}]}},"_links":{"self":[{"href":"https:\/\/myvegiday.com\/fr-ca\/wp-json\/wp\/v2\/pages\/220","targetHints":{"allow":["GET"]}}],"collection":[{"href":"https:\/\/myvegiday.com\/fr-ca\/wp-json\/wp\/v2\/pages"}],"about":[{"href":"https:\/\/myvegiday.com\/fr-ca\/wp-json\/wp\/v2\/types\/page"}],"author":[{"embeddable":true,"href":"https:\/\/myvegiday.com\/fr-ca\/wp-json\/wp\/v2\/users\/2"}],"replies":[{"embeddable":true,"href":"https:\/\/myvegiday.com\/fr-ca\/wp-json\/wp\/v2\/comments?post=220"}],"version-history":[{"count":0,"href":"https:\/\/myvegiday.com\/fr-ca\/wp-json\/wp\/v2\/pages\/220\/revisions"}],"wp:attachment":[{"href":"https:\/\/myvegiday.com\/fr-ca\/wp-json\/wp\/v2\/media?parent=220"}],"curies":[{"name":"wp","href":"https:\/\/api.w.org\/{rel}","templated":true}]}}