{"id":231,"date":"2015-12-15T21:18:36","date_gmt":"2015-12-15T21:18:36","guid":{"rendered":"http:\/\/myvegiday.wpengine.com\/contact-us-2-2\/"},"modified":"2025-04-07T21:29:13","modified_gmt":"2025-04-07T21:29:13","slug":"pour-nous-joindre-2","status":"publish","type":"page","link":"https:\/\/myvegiday.com\/fr-ca\/pour-nous-joindre-2\/","title":{"rendered":"Pour nous joindre"},"content":{"rendered":"<h1 style=\"text-align: center;\">Nous aimerions avoir de vos nouvelles<\/h1>\n<p class=\"p1\" style=\"text-align: center;\"><span class=\"s1\">Pour plus de renseignements \u00e0 propos de\u00a0la gamme VegiDay, veuillez communiquer avec notre centre de support. Bien s\u00fbr, tous les avis sur les produits et les t\u00e9moignages sont les bienvenus.<\/span><\/p>\n","protected":false},"excerpt":{"rendered":"<p>Nous aimerions avoir de vos nouvelles Pour plus de renseignements \u00e0 propos de\u00a0la gamme VegiDay, veuillez communiquer avec notre centre de support. Bien s\u00fbr, tous les avis sur les produits et les t\u00e9moignages sont les bienvenus.<\/p>\n","protected":false},"author":2,"featured_media":0,"parent":0,"menu_order":0,"comment_status":"closed","ping_status":"closed","template":"","meta":{"_acf_changed":false,"_et_pb_use_builder":"","_et_pb_old_content":"","_et_gb_content_width":"","footnotes":""},"class_list":["post-231","page","type-page","status-publish","hentry"],"acf":[],"yoast_head":"<!-- This site is optimized with the Yoast SEO Premium plugin v27.2 (Yoast SEO v27.3) - https:\/\/yoast.com\/product\/yoast-seo-premium-wordpress\/ -->\n<title>Pour nous joindre - VegiDay fr-CA<\/title>\n<meta name=\"robots\" content=\"index, follow, max-snippet:-1, max-image-preview:large, max-video-preview:-1\" \/>\n<link rel=\"canonical\" href=\"https:\/\/myvegiday.com\/fr-ca\/pour-nous-joindre-2\/\" \/>\n<meta property=\"og:locale\" content=\"fr_CA\" \/>\n<meta property=\"og:type\" content=\"article\" \/>\n<meta property=\"og:title\" content=\"Pour nous joindre\" \/>\n<meta property=\"og:description\" content=\"Nous aimerions avoir de vos nouvelles Pour plus de renseignements \u00e0 propos de\u00a0la gamme VegiDay, veuillez communiquer avec notre centre de support. Bien s\u00fbr, tous les avis sur les produits et les t\u00e9moignages sont les bienvenus.\" \/>\n<meta property=\"og:url\" content=\"https:\/\/myvegiday.com\/fr-ca\/pour-nous-joindre-2\/\" \/>\n<meta property=\"og:site_name\" content=\"VegiDay fr-CA\" \/>\n<meta property=\"article:publisher\" content=\"https:\/\/www.facebook.com\/myvegiday\/\" \/>\n<meta property=\"article:modified_time\" content=\"2025-04-07T21:29:13+00:00\" \/>\n<meta name=\"twitter:card\" content=\"summary_large_image\" \/>\n<meta name=\"twitter:label1\" content=\"Estimation du temps de lecture\" \/>\n\t<meta name=\"twitter:data1\" content=\"1 minute\" \/>\n<script type=\"application\/ld+json\" class=\"yoast-schema-graph\">{\"@context\":\"https:\\\/\\\/schema.org\",\"@graph\":[{\"@type\":\"WebPage\",\"@id\":\"https:\\\/\\\/myvegiday.com\\\/fr-ca\\\/pour-nous-joindre-2\\\/\",\"url\":\"https:\\\/\\\/myvegiday.com\\\/fr-ca\\\/pour-nous-joindre-2\\\/\",\"name\":\"Pour nous joindre - VegiDay fr-CA\",\"isPartOf\":{\"@id\":\"https:\\\/\\\/myvegiday.com\\\/fr-ca\\\/#website\"},\"datePublished\":\"2015-12-15T21:18:36+00:00\",\"dateModified\":\"2025-04-07T21:29:13+00:00\",\"breadcrumb\":{\"@id\":\"https:\\\/\\\/myvegiday.com\\\/fr-ca\\\/pour-nous-joindre-2\\\/#breadcrumb\"},\"inLanguage\":\"fr-CA\",\"potentialAction\":[{\"@type\":\"ReadAction\",\"target\":[\"https:\\\/\\\/myvegiday.com\\\/fr-ca\\\/pour-nous-joindre-2\\\/\"]}]},{\"@type\":\"BreadcrumbList\",\"@id\":\"https:\\\/\\\/myvegiday.com\\\/fr-ca\\\/pour-nous-joindre-2\\\/#breadcrumb\",\"itemListElement\":[{\"@type\":\"ListItem\",\"position\":1,\"name\":\"Home\",\"item\":\"https:\\\/\\\/myvegiday.com\\\/fr-ca\\\/\"},{\"@type\":\"ListItem\",\"position\":2,\"name\":\"Pour nous joindre\"}]},{\"@type\":\"WebSite\",\"@id\":\"https:\\\/\\\/myvegiday.com\\\/fr-ca\\\/#website\",\"url\":\"https:\\\/\\\/myvegiday.com\\\/fr-ca\\\/\",\"name\":\"VegiDay fr-CA\",\"description\":\"De l&#039;\u00e9nergie \u00e0 partir de z\u00e9ro\",\"publisher\":{\"@id\":\"https:\\\/\\\/myvegiday.com\\\/fr-ca\\\/#organization\"},\"potentialAction\":[{\"@type\":\"SearchAction\",\"target\":{\"@type\":\"EntryPoint\",\"urlTemplate\":\"https:\\\/\\\/myvegiday.com\\\/fr-ca\\\/?s={search_term_string}\"},\"query-input\":{\"@type\":\"PropertyValueSpecification\",\"valueRequired\":true,\"valueName\":\"search_term_string\"}}],\"inLanguage\":\"fr-CA\"},{\"@type\":\"Organization\",\"@id\":\"https:\\\/\\\/myvegiday.com\\\/fr-ca\\\/#organization\",\"name\":\"VegiDay\",\"url\":\"https:\\\/\\\/myvegiday.com\\\/fr-ca\\\/\",\"logo\":{\"@type\":\"ImageObject\",\"inLanguage\":\"fr-CA\",\"@id\":\"https:\\\/\\\/myvegiday.com\\\/fr-ca\\\/#\\\/schema\\\/logo\\\/image\\\/\",\"url\":\"https:\\\/\\\/myvegiday.com\\\/fr-ca\\\/wp-content\\\/uploads\\\/sites\\\/3\\\/2020\\\/05\\\/Logo-VegiDay-1200x1200-1.png\",\"contentUrl\":\"https:\\\/\\\/myvegiday.com\\\/fr-ca\\\/wp-content\\\/uploads\\\/sites\\\/3\\\/2020\\\/05\\\/Logo-VegiDay-1200x1200-1.png\",\"width\":1200,\"height\":1200,\"caption\":\"VegiDay\"},\"image\":{\"@id\":\"https:\\\/\\\/myvegiday.com\\\/fr-ca\\\/#\\\/schema\\\/logo\\\/image\\\/\"},\"sameAs\":[\"https:\\\/\\\/www.facebook.com\\\/myvegiday\\\/\",\"https:\\\/\\\/www.instagram.com\\\/vegiday\\\/\"]}]}<\/script>\n<!-- \/ Yoast SEO Premium plugin. -->","yoast_head_json":{"title":"Pour nous joindre - VegiDay fr-CA","robots":{"index":"index","follow":"follow","max-snippet":"max-snippet:-1","max-image-preview":"max-image-preview:large","max-video-preview":"max-video-preview:-1"},"canonical":"https:\/\/myvegiday.com\/fr-ca\/pour-nous-joindre-2\/","og_locale":"fr_CA","og_type":"article","og_title":"Pour nous joindre","og_description":"Nous aimerions avoir de vos nouvelles Pour plus de renseignements \u00e0 propos de\u00a0la gamme VegiDay, veuillez communiquer avec notre centre de support. Bien s\u00fbr, tous les avis sur les produits et les t\u00e9moignages sont les bienvenus.","og_url":"https:\/\/myvegiday.com\/fr-ca\/pour-nous-joindre-2\/","og_site_name":"VegiDay fr-CA","article_publisher":"https:\/\/www.facebook.com\/myvegiday\/","article_modified_time":"2025-04-07T21:29:13+00:00","twitter_card":"summary_large_image","twitter_misc":{"Estimation du temps de lecture":"1 minute"},"schema":{"@context":"https:\/\/schema.org","@graph":[{"@type":"WebPage","@id":"https:\/\/myvegiday.com\/fr-ca\/pour-nous-joindre-2\/","url":"https:\/\/myvegiday.com\/fr-ca\/pour-nous-joindre-2\/","name":"Pour nous joindre - VegiDay fr-CA","isPartOf":{"@id":"https:\/\/myvegiday.com\/fr-ca\/#website"},"datePublished":"2015-12-15T21:18:36+00:00","dateModified":"2025-04-07T21:29:13+00:00","breadcrumb":{"@id":"https:\/\/myvegiday.com\/fr-ca\/pour-nous-joindre-2\/#breadcrumb"},"inLanguage":"fr-CA","potentialAction":[{"@type":"ReadAction","target":["https:\/\/myvegiday.com\/fr-ca\/pour-nous-joindre-2\/"]}]},{"@type":"BreadcrumbList","@id":"https:\/\/myvegiday.com\/fr-ca\/pour-nous-joindre-2\/#breadcrumb","itemListElement":[{"@type":"ListItem","position":1,"name":"Home","item":"https:\/\/myvegiday.com\/fr-ca\/"},{"@type":"ListItem","position":2,"name":"Pour nous joindre"}]},{"@type":"WebSite","@id":"https:\/\/myvegiday.com\/fr-ca\/#website","url":"https:\/\/myvegiday.com\/fr-ca\/","name":"VegiDay fr-CA","description":"De l&#039;\u00e9nergie \u00e0 partir de z\u00e9ro","publisher":{"@id":"https:\/\/myvegiday.com\/fr-ca\/#organization"},"potentialAction":[{"@type":"SearchAction","target":{"@type":"EntryPoint","urlTemplate":"https:\/\/myvegiday.com\/fr-ca\/?s={search_term_string}"},"query-input":{"@type":"PropertyValueSpecification","valueRequired":true,"valueName":"search_term_string"}}],"inLanguage":"fr-CA"},{"@type":"Organization","@id":"https:\/\/myvegiday.com\/fr-ca\/#organization","name":"VegiDay","url":"https:\/\/myvegiday.com\/fr-ca\/","logo":{"@type":"ImageObject","inLanguage":"fr-CA","@id":"https:\/\/myvegiday.com\/fr-ca\/#\/schema\/logo\/image\/","url":"https:\/\/myvegiday.com\/fr-ca\/wp-content\/uploads\/sites\/3\/2020\/05\/Logo-VegiDay-1200x1200-1.png","contentUrl":"https:\/\/myvegiday.com\/fr-ca\/wp-content\/uploads\/sites\/3\/2020\/05\/Logo-VegiDay-1200x1200-1.png","width":1200,"height":1200,"caption":"VegiDay"},"image":{"@id":"https:\/\/myvegiday.com\/fr-ca\/#\/schema\/logo\/image\/"},"sameAs":["https:\/\/www.facebook.com\/myvegiday\/","https:\/\/www.instagram.com\/vegiday\/"]}]}},"_links":{"self":[{"href":"https:\/\/myvegiday.com\/fr-ca\/wp-json\/wp\/v2\/pages\/231","targetHints":{"allow":["GET"]}}],"collection":[{"href":"https:\/\/myvegiday.com\/fr-ca\/wp-json\/wp\/v2\/pages"}],"about":[{"href":"https:\/\/myvegiday.com\/fr-ca\/wp-json\/wp\/v2\/types\/page"}],"author":[{"embeddable":true,"href":"https:\/\/myvegiday.com\/fr-ca\/wp-json\/wp\/v2\/users\/2"}],"replies":[{"embeddable":true,"href":"https:\/\/myvegiday.com\/fr-ca\/wp-json\/wp\/v2\/comments?post=231"}],"version-history":[{"count":0,"href":"https:\/\/myvegiday.com\/fr-ca\/wp-json\/wp\/v2\/pages\/231\/revisions"}],"wp:attachment":[{"href":"https:\/\/myvegiday.com\/fr-ca\/wp-json\/wp\/v2\/media?parent=231"}],"curies":[{"name":"wp","href":"https:\/\/api.w.org\/{rel}","templated":true}]}}