{"id":274,"date":"2016-01-05T23:32:13","date_gmt":"2016-01-05T23:32:13","guid":{"rendered":"http:\/\/myvegiday.wpengine.com\/our-movement\/plant-protein\/"},"modified":"2020-06-05T18:36:55","modified_gmt":"2020-06-05T18:36:55","slug":"pourquoi-choisir-des-aliments-a-base-de-plantes","status":"publish","type":"page","link":"https:\/\/myvegiday.com\/fr-ca\/un-avenir-durable\/pourquoi-choisir-des-aliments-a-base-de-plantes\/","title":{"rendered":"Pourquoi choisir des aliments \u00e0 base de plantes"},"content":{"rendered":"<p><img loading=\"lazy\" decoding=\"async\" class=\"wp-image-1941 size-full aligncenter\" style=\"height: auto; max-width: 100%;\" src=\"https:\/\/myvegiday.com\/fr-ca\/wp-content\/uploads\/sites\/3\/2019\/10\/French-Protein-Banner-Plant-Based.jpg\" alt=\"Protein A Nutrient of Prime Importance FR\" width=\"1090\" height=\"484\" srcset=\"https:\/\/myvegiday.com\/fr-ca\/wp-content\/uploads\/sites\/3\/2019\/10\/French-Protein-Banner-Plant-Based.jpg 1090w, https:\/\/myvegiday.com\/fr-ca\/wp-content\/uploads\/sites\/3\/2019\/10\/French-Protein-Banner-Plant-Based-400x178.jpg 400w, https:\/\/myvegiday.com\/fr-ca\/wp-content\/uploads\/sites\/3\/2019\/10\/French-Protein-Banner-Plant-Based-600x266.jpg 600w, https:\/\/myvegiday.com\/fr-ca\/wp-content\/uploads\/sites\/3\/2019\/10\/French-Protein-Banner-Plant-Based-860x382.jpg 860w, https:\/\/myvegiday.com\/fr-ca\/wp-content\/uploads\/sites\/3\/2019\/10\/French-Protein-Banner-Plant-Based-275x122.jpg 275w, https:\/\/myvegiday.com\/fr-ca\/wp-content\/uploads\/sites\/3\/2019\/10\/French-Protein-Banner-Plant-Based-100x44.jpg 100w, https:\/\/myvegiday.com\/fr-ca\/wp-content\/uploads\/sites\/3\/2019\/10\/French-Protein-Banner-Plant-Based-1080x480.jpg 1080w\" sizes=\"(max-width: 1090px) 100vw, 1090px\" \/><\/p>\n","protected":false},"excerpt":{"rendered":"","protected":false},"author":2,"featured_media":0,"parent":194,"menu_order":0,"comment_status":"closed","ping_status":"closed","template":"","meta":{"_acf_changed":false,"_et_pb_use_builder":"","_et_pb_old_content":"","_et_gb_content_width":"","footnotes":""},"class_list":["post-274","page","type-page","status-publish","hentry"],"acf":[],"yoast_head":"<!-- This site is optimized with the Yoast SEO Premium plugin v27.2 (Yoast SEO v27.3) - https:\/\/yoast.com\/product\/yoast-seo-premium-wordpress\/ -->\n<title>Pourquoi choisir des aliments \u00e0 base de plantes - VegiDay fr-CA<\/title>\n<meta name=\"robots\" content=\"index, follow, max-snippet:-1, max-image-preview:large, max-video-preview:-1\" \/>\n<link rel=\"canonical\" href=\"https:\/\/myvegiday.com\/fr-ca\/un-avenir-durable\/pourquoi-choisir-des-aliments-a-base-de-plantes\/\" \/>\n<meta property=\"og:locale\" content=\"fr_CA\" \/>\n<meta property=\"og:type\" content=\"article\" \/>\n<meta property=\"og:title\" content=\"Pourquoi choisir des aliments \u00e0 base de plantes\" \/>\n<meta property=\"og:url\" content=\"https:\/\/myvegiday.com\/fr-ca\/un-avenir-durable\/pourquoi-choisir-des-aliments-a-base-de-plantes\/\" \/>\n<meta property=\"og:site_name\" content=\"VegiDay fr-CA\" \/>\n<meta property=\"article:publisher\" content=\"https:\/\/www.facebook.com\/myvegiday\/\" \/>\n<meta property=\"article:modified_time\" content=\"2020-06-05T18:36:55+00:00\" \/>\n<meta property=\"og:image\" content=\"https:\/\/myvegiday.com\/fr-ca\/wp-content\/uploads\/sites\/3\/2019\/10\/French-Protein-Banner-Plant-Based.jpg\" \/>\n<meta name=\"twitter:card\" content=\"summary_large_image\" \/>\n<script type=\"application\/ld+json\" class=\"yoast-schema-graph\">{\"@context\":\"https:\\\/\\\/schema.org\",\"@graph\":[{\"@type\":\"WebPage\",\"@id\":\"https:\\\/\\\/myvegiday.com\\\/fr-ca\\\/un-avenir-durable\\\/pourquoi-choisir-des-aliments-a-base-de-plantes\\\/\",\"url\":\"https:\\\/\\\/myvegiday.com\\\/fr-ca\\\/un-avenir-durable\\\/pourquoi-choisir-des-aliments-a-base-de-plantes\\\/\",\"name\":\"Pourquoi choisir des aliments \u00e0 base de plantes - VegiDay fr-CA\",\"isPartOf\":{\"@id\":\"https:\\\/\\\/myvegiday.com\\\/fr-ca\\\/#website\"},\"primaryImageOfPage\":{\"@id\":\"https:\\\/\\\/myvegiday.com\\\/fr-ca\\\/un-avenir-durable\\\/pourquoi-choisir-des-aliments-a-base-de-plantes\\\/#primaryimage\"},\"image\":{\"@id\":\"https:\\\/\\\/myvegiday.com\\\/fr-ca\\\/un-avenir-durable\\\/pourquoi-choisir-des-aliments-a-base-de-plantes\\\/#primaryimage\"},\"thumbnailUrl\":\"https:\\\/\\\/myvegiday.com\\\/fr-ca\\\/wp-content\\\/uploads\\\/sites\\\/3\\\/2019\\\/10\\\/French-Protein-Banner-Plant-Based.jpg\",\"datePublished\":\"2016-01-05T23:32:13+00:00\",\"dateModified\":\"2020-06-05T18:36:55+00:00\",\"breadcrumb\":{\"@id\":\"https:\\\/\\\/myvegiday.com\\\/fr-ca\\\/un-avenir-durable\\\/pourquoi-choisir-des-aliments-a-base-de-plantes\\\/#breadcrumb\"},\"inLanguage\":\"fr-CA\",\"potentialAction\":[{\"@type\":\"ReadAction\",\"target\":[\"https:\\\/\\\/myvegiday.com\\\/fr-ca\\\/un-avenir-durable\\\/pourquoi-choisir-des-aliments-a-base-de-plantes\\\/\"]}]},{\"@type\":\"ImageObject\",\"inLanguage\":\"fr-CA\",\"@id\":\"https:\\\/\\\/myvegiday.com\\\/fr-ca\\\/un-avenir-durable\\\/pourquoi-choisir-des-aliments-a-base-de-plantes\\\/#primaryimage\",\"url\":\"https:\\\/\\\/myvegiday.com\\\/fr-ca\\\/wp-content\\\/uploads\\\/sites\\\/3\\\/2019\\\/10\\\/French-Protein-Banner-Plant-Based.jpg\",\"contentUrl\":\"https:\\\/\\\/myvegiday.com\\\/fr-ca\\\/wp-content\\\/uploads\\\/sites\\\/3\\\/2019\\\/10\\\/French-Protein-Banner-Plant-Based.jpg\",\"width\":1090,\"height\":484,\"caption\":\"Protein A Nutrient of Prime Importance FR\"},{\"@type\":\"BreadcrumbList\",\"@id\":\"https:\\\/\\\/myvegiday.com\\\/fr-ca\\\/un-avenir-durable\\\/pourquoi-choisir-des-aliments-a-base-de-plantes\\\/#breadcrumb\",\"itemListElement\":[{\"@type\":\"ListItem\",\"position\":1,\"name\":\"Home\",\"item\":\"https:\\\/\\\/myvegiday.com\\\/fr-ca\\\/\"},{\"@type\":\"ListItem\",\"position\":2,\"name\":\"Un avenir durable\",\"item\":\"https:\\\/\\\/myvegiday.com\\\/fr-ca\\\/un-avenir-durable\\\/\"},{\"@type\":\"ListItem\",\"position\":3,\"name\":\"Pourquoi choisir des aliments \u00e0 base de plantes\"}]},{\"@type\":\"WebSite\",\"@id\":\"https:\\\/\\\/myvegiday.com\\\/fr-ca\\\/#website\",\"url\":\"https:\\\/\\\/myvegiday.com\\\/fr-ca\\\/\",\"name\":\"VegiDay fr-CA\",\"description\":\"De l&#039;\u00e9nergie \u00e0 partir de z\u00e9ro\",\"publisher\":{\"@id\":\"https:\\\/\\\/myvegiday.com\\\/fr-ca\\\/#organization\"},\"potentialAction\":[{\"@type\":\"SearchAction\",\"target\":{\"@type\":\"EntryPoint\",\"urlTemplate\":\"https:\\\/\\\/myvegiday.com\\\/fr-ca\\\/?s={search_term_string}\"},\"query-input\":{\"@type\":\"PropertyValueSpecification\",\"valueRequired\":true,\"valueName\":\"search_term_string\"}}],\"inLanguage\":\"fr-CA\"},{\"@type\":\"Organization\",\"@id\":\"https:\\\/\\\/myvegiday.com\\\/fr-ca\\\/#organization\",\"name\":\"VegiDay\",\"url\":\"https:\\\/\\\/myvegiday.com\\\/fr-ca\\\/\",\"logo\":{\"@type\":\"ImageObject\",\"inLanguage\":\"fr-CA\",\"@id\":\"https:\\\/\\\/myvegiday.com\\\/fr-ca\\\/#\\\/schema\\\/logo\\\/image\\\/\",\"url\":\"https:\\\/\\\/myvegiday.com\\\/fr-ca\\\/wp-content\\\/uploads\\\/sites\\\/3\\\/2020\\\/05\\\/Logo-VegiDay-1200x1200-1.png\",\"contentUrl\":\"https:\\\/\\\/myvegiday.com\\\/fr-ca\\\/wp-content\\\/uploads\\\/sites\\\/3\\\/2020\\\/05\\\/Logo-VegiDay-1200x1200-1.png\",\"width\":1200,\"height\":1200,\"caption\":\"VegiDay\"},\"image\":{\"@id\":\"https:\\\/\\\/myvegiday.com\\\/fr-ca\\\/#\\\/schema\\\/logo\\\/image\\\/\"},\"sameAs\":[\"https:\\\/\\\/www.facebook.com\\\/myvegiday\\\/\",\"https:\\\/\\\/www.instagram.com\\\/vegiday\\\/\"]}]}<\/script>\n<!-- \/ Yoast SEO Premium plugin. -->","yoast_head_json":{"title":"Pourquoi choisir des aliments \u00e0 base de plantes - VegiDay fr-CA","robots":{"index":"index","follow":"follow","max-snippet":"max-snippet:-1","max-image-preview":"max-image-preview:large","max-video-preview":"max-video-preview:-1"},"canonical":"https:\/\/myvegiday.com\/fr-ca\/un-avenir-durable\/pourquoi-choisir-des-aliments-a-base-de-plantes\/","og_locale":"fr_CA","og_type":"article","og_title":"Pourquoi choisir des aliments \u00e0 base de plantes","og_url":"https:\/\/myvegiday.com\/fr-ca\/un-avenir-durable\/pourquoi-choisir-des-aliments-a-base-de-plantes\/","og_site_name":"VegiDay fr-CA","article_publisher":"https:\/\/www.facebook.com\/myvegiday\/","article_modified_time":"2020-06-05T18:36:55+00:00","og_image":[{"url":"https:\/\/myvegiday.com\/fr-ca\/wp-content\/uploads\/sites\/3\/2019\/10\/French-Protein-Banner-Plant-Based.jpg","type":"","width":"","height":""}],"twitter_card":"summary_large_image","schema":{"@context":"https:\/\/schema.org","@graph":[{"@type":"WebPage","@id":"https:\/\/myvegiday.com\/fr-ca\/un-avenir-durable\/pourquoi-choisir-des-aliments-a-base-de-plantes\/","url":"https:\/\/myvegiday.com\/fr-ca\/un-avenir-durable\/pourquoi-choisir-des-aliments-a-base-de-plantes\/","name":"Pourquoi choisir des aliments \u00e0 base de plantes - VegiDay fr-CA","isPartOf":{"@id":"https:\/\/myvegiday.com\/fr-ca\/#website"},"primaryImageOfPage":{"@id":"https:\/\/myvegiday.com\/fr-ca\/un-avenir-durable\/pourquoi-choisir-des-aliments-a-base-de-plantes\/#primaryimage"},"image":{"@id":"https:\/\/myvegiday.com\/fr-ca\/un-avenir-durable\/pourquoi-choisir-des-aliments-a-base-de-plantes\/#primaryimage"},"thumbnailUrl":"https:\/\/myvegiday.com\/fr-ca\/wp-content\/uploads\/sites\/3\/2019\/10\/French-Protein-Banner-Plant-Based.jpg","datePublished":"2016-01-05T23:32:13+00:00","dateModified":"2020-06-05T18:36:55+00:00","breadcrumb":{"@id":"https:\/\/myvegiday.com\/fr-ca\/un-avenir-durable\/pourquoi-choisir-des-aliments-a-base-de-plantes\/#breadcrumb"},"inLanguage":"fr-CA","potentialAction":[{"@type":"ReadAction","target":["https:\/\/myvegiday.com\/fr-ca\/un-avenir-durable\/pourquoi-choisir-des-aliments-a-base-de-plantes\/"]}]},{"@type":"ImageObject","inLanguage":"fr-CA","@id":"https:\/\/myvegiday.com\/fr-ca\/un-avenir-durable\/pourquoi-choisir-des-aliments-a-base-de-plantes\/#primaryimage","url":"https:\/\/myvegiday.com\/fr-ca\/wp-content\/uploads\/sites\/3\/2019\/10\/French-Protein-Banner-Plant-Based.jpg","contentUrl":"https:\/\/myvegiday.com\/fr-ca\/wp-content\/uploads\/sites\/3\/2019\/10\/French-Protein-Banner-Plant-Based.jpg","width":1090,"height":484,"caption":"Protein A Nutrient of Prime Importance FR"},{"@type":"BreadcrumbList","@id":"https:\/\/myvegiday.com\/fr-ca\/un-avenir-durable\/pourquoi-choisir-des-aliments-a-base-de-plantes\/#breadcrumb","itemListElement":[{"@type":"ListItem","position":1,"name":"Home","item":"https:\/\/myvegiday.com\/fr-ca\/"},{"@type":"ListItem","position":2,"name":"Un avenir durable","item":"https:\/\/myvegiday.com\/fr-ca\/un-avenir-durable\/"},{"@type":"ListItem","position":3,"name":"Pourquoi choisir des aliments \u00e0 base de plantes"}]},{"@type":"WebSite","@id":"https:\/\/myvegiday.com\/fr-ca\/#website","url":"https:\/\/myvegiday.com\/fr-ca\/","name":"VegiDay fr-CA","description":"De l&#039;\u00e9nergie \u00e0 partir de z\u00e9ro","publisher":{"@id":"https:\/\/myvegiday.com\/fr-ca\/#organization"},"potentialAction":[{"@type":"SearchAction","target":{"@type":"EntryPoint","urlTemplate":"https:\/\/myvegiday.com\/fr-ca\/?s={search_term_string}"},"query-input":{"@type":"PropertyValueSpecification","valueRequired":true,"valueName":"search_term_string"}}],"inLanguage":"fr-CA"},{"@type":"Organization","@id":"https:\/\/myvegiday.com\/fr-ca\/#organization","name":"VegiDay","url":"https:\/\/myvegiday.com\/fr-ca\/","logo":{"@type":"ImageObject","inLanguage":"fr-CA","@id":"https:\/\/myvegiday.com\/fr-ca\/#\/schema\/logo\/image\/","url":"https:\/\/myvegiday.com\/fr-ca\/wp-content\/uploads\/sites\/3\/2020\/05\/Logo-VegiDay-1200x1200-1.png","contentUrl":"https:\/\/myvegiday.com\/fr-ca\/wp-content\/uploads\/sites\/3\/2020\/05\/Logo-VegiDay-1200x1200-1.png","width":1200,"height":1200,"caption":"VegiDay"},"image":{"@id":"https:\/\/myvegiday.com\/fr-ca\/#\/schema\/logo\/image\/"},"sameAs":["https:\/\/www.facebook.com\/myvegiday\/","https:\/\/www.instagram.com\/vegiday\/"]}]}},"_links":{"self":[{"href":"https:\/\/myvegiday.com\/fr-ca\/wp-json\/wp\/v2\/pages\/274","targetHints":{"allow":["GET"]}}],"collection":[{"href":"https:\/\/myvegiday.com\/fr-ca\/wp-json\/wp\/v2\/pages"}],"about":[{"href":"https:\/\/myvegiday.com\/fr-ca\/wp-json\/wp\/v2\/types\/page"}],"author":[{"embeddable":true,"href":"https:\/\/myvegiday.com\/fr-ca\/wp-json\/wp\/v2\/users\/2"}],"replies":[{"embeddable":true,"href":"https:\/\/myvegiday.com\/fr-ca\/wp-json\/wp\/v2\/comments?post=274"}],"version-history":[{"count":0,"href":"https:\/\/myvegiday.com\/fr-ca\/wp-json\/wp\/v2\/pages\/274\/revisions"}],"up":[{"embeddable":true,"href":"https:\/\/myvegiday.com\/fr-ca\/wp-json\/wp\/v2\/pages\/194"}],"wp:attachment":[{"href":"https:\/\/myvegiday.com\/fr-ca\/wp-json\/wp\/v2\/media?parent=274"}],"curies":[{"name":"wp","href":"https:\/\/api.w.org\/{rel}","templated":true}]}}